{"id":210190,"date":"2021-02-18T10:30:25","date_gmt":"2021-02-18T09:30:25","guid":{"rendered":"http:\/\/totdecasa.fr\/?post_type=product&#038;p=210190"},"modified":"2021-02-18T16:42:03","modified_gmt":"2021-02-18T15:42:03","slug":"roti-de-porc-cuit-en-tranches-2","status":"publish","type":"product","link":"https:\/\/totdecasa.fr\/index.php\/produit\/roti-de-porc-cuit-en-tranches-2\/","title":{"rendered":"R\u00f4ti de porc cuit en tranches"},"content":{"rendered":"<p>R\u00f4ti de porc cuit en tranches<\/p>\n<p>Ingr\u00e9dients : pi\u00e8ce de porc, sel, poivre, plantes aromatiques<\/p>\n<p><strong>Remarque importante : le poids moyen d&rsquo;un paquet de r\u00f4ti de porc cuit est de 250g. Le montant calcul\u00e9 est donc indicatif, il sera fonction du poids r\u00e9el du paquet.<\/strong><\/p>\n<p><em>Porcs lourds \u00e9lev\u00e9s sur paille, nourris de c\u00e9r\u00e9ales et tourteaux non OGM.<\/em><\/p>\n","protected":false},"excerpt":{"rendered":"<p>R\u00f4ti de porc cuit en tranches Ingr\u00e9dients : pi\u00e8ce de porc, sel, poivre, plantes aromatiques Remarque importante : le poids moyen d&rsquo;un paquet de r\u00f4ti de porc cuit est de 250g. Le montant calcul\u00e9 est donc indicatif, il sera fonction du poids r\u00e9el du paquet. Porcs lourds \u00e9lev\u00e9s sur paille, nourris de c\u00e9r\u00e9ales et tourteaux [&hellip;]<\/p>\n","protected":false},"featured_media":210220,"comment_status":"open","ping_status":"closed","template":"","meta":{"_et_pb_use_builder":"","_et_pb_old_content":"","_et_gb_content_width":""},"product_brand":[],"product_cat":[186,33,18],"product_tag":[187],"class_list":{"0":"post-210190","1":"product","2":"type-product","3":"status-publish","4":"has-post-thumbnail","6":"product_cat-ferme-pretou","7":"product_cat-porc","8":"product_cat-viande","9":"product_tag-ferme-pretou-escoubes","11":"first","12":"instock","13":"shipping-taxable","14":"product-type-simple"},"_links":{"self":[{"href":"https:\/\/totdecasa.fr\/index.php\/wp-json\/wp\/v2\/product\/210190","targetHints":{"allow":["GET"]}}],"collection":[{"href":"https:\/\/totdecasa.fr\/index.php\/wp-json\/wp\/v2\/product"}],"about":[{"href":"https:\/\/totdecasa.fr\/index.php\/wp-json\/wp\/v2\/types\/product"}],"replies":[{"embeddable":true,"href":"https:\/\/totdecasa.fr\/index.php\/wp-json\/wp\/v2\/comments?post=210190"}],"wp:featuredmedia":[{"embeddable":true,"href":"https:\/\/totdecasa.fr\/index.php\/wp-json\/wp\/v2\/media\/210220"}],"wp:attachment":[{"href":"https:\/\/totdecasa.fr\/index.php\/wp-json\/wp\/v2\/media?parent=210190"}],"wp:term":[{"taxonomy":"product_brand","embeddable":true,"href":"https:\/\/totdecasa.fr\/index.php\/wp-json\/wp\/v2\/product_brand?post=210190"},{"taxonomy":"product_cat","embeddable":true,"href":"https:\/\/totdecasa.fr\/index.php\/wp-json\/wp\/v2\/product_cat?post=210190"},{"taxonomy":"product_tag","embeddable":true,"href":"https:\/\/totdecasa.fr\/index.php\/wp-json\/wp\/v2\/product_tag?post=210190"}],"curies":[{"name":"wp","href":"https:\/\/api.w.org\/{rel}","templated":true}]}}