{"id":210179,"date":"2021-02-17T15:27:43","date_gmt":"2021-02-17T14:27:43","guid":{"rendered":"http:\/\/totdecasa.fr\/?post_type=product&#038;p=210179"},"modified":"2021-02-18T16:08:54","modified_gmt":"2021-02-18T15:08:54","slug":"roti-de-porc-600g","status":"publish","type":"product","link":"https:\/\/totdecasa.fr\/index.php\/produit\/roti-de-porc-600g\/","title":{"rendered":"R\u00f4ti de porc 600g"},"content":{"rendered":"<p>R\u00f4ti de porc, poids moyen : 600g<\/p>\n<p><em>Porcs lourds \u00e9lev\u00e9s sur paille, nourris de c\u00e9r\u00e9ales et tourteaux non OGM.<\/em><\/p>\n","protected":false},"excerpt":{"rendered":"<p>R\u00f4ti de porc, poids moyen : 600g Porcs lourds \u00e9lev\u00e9s sur paille, nourris de c\u00e9r\u00e9ales et tourteaux non OGM.<\/p>\n","protected":false},"featured_media":210201,"comment_status":"open","ping_status":"closed","template":"","meta":{"_et_pb_use_builder":"","_et_pb_old_content":"","_et_gb_content_width":""},"product_brand":[],"product_cat":[186,33,18],"product_tag":[187],"class_list":{"0":"post-210179","1":"product","2":"type-product","3":"status-publish","4":"has-post-thumbnail","6":"product_cat-ferme-pretou","7":"product_cat-porc","8":"product_cat-viande","9":"product_tag-ferme-pretou-escoubes","11":"first","12":"instock","13":"shipping-taxable","14":"product-type-simple"},"_links":{"self":[{"href":"https:\/\/totdecasa.fr\/index.php\/wp-json\/wp\/v2\/product\/210179","targetHints":{"allow":["GET"]}}],"collection":[{"href":"https:\/\/totdecasa.fr\/index.php\/wp-json\/wp\/v2\/product"}],"about":[{"href":"https:\/\/totdecasa.fr\/index.php\/wp-json\/wp\/v2\/types\/product"}],"replies":[{"embeddable":true,"href":"https:\/\/totdecasa.fr\/index.php\/wp-json\/wp\/v2\/comments?post=210179"}],"wp:featuredmedia":[{"embeddable":true,"href":"https:\/\/totdecasa.fr\/index.php\/wp-json\/wp\/v2\/media\/210201"}],"wp:attachment":[{"href":"https:\/\/totdecasa.fr\/index.php\/wp-json\/wp\/v2\/media?parent=210179"}],"wp:term":[{"taxonomy":"product_brand","embeddable":true,"href":"https:\/\/totdecasa.fr\/index.php\/wp-json\/wp\/v2\/product_brand?post=210179"},{"taxonomy":"product_cat","embeddable":true,"href":"https:\/\/totdecasa.fr\/index.php\/wp-json\/wp\/v2\/product_cat?post=210179"},{"taxonomy":"product_tag","embeddable":true,"href":"https:\/\/totdecasa.fr\/index.php\/wp-json\/wp\/v2\/product_tag?post=210179"}],"curies":[{"name":"wp","href":"https:\/\/api.w.org\/{rel}","templated":true}]}}