{"id":210165,"date":"2021-02-17T14:50:00","date_gmt":"2021-02-17T13:50:00","guid":{"rendered":"http:\/\/totdecasa.fr\/?post_type=product&#038;p=210165"},"modified":"2021-02-18T09:59:57","modified_gmt":"2021-02-18T08:59:57","slug":"les-herbes-du-pecheur","status":"publish","type":"product","link":"https:\/\/totdecasa.fr\/index.php\/produit\/les-herbes-du-pecheur\/","title":{"rendered":"Les herbes du p\u00eacheur"},"content":{"rendered":"<p>Ces plantes aromatiques sont cultiv\u00e9es sans intrants chimiques, pour une r\u00e9colte douce \u00e0 la main. Elles sont ensuite d\u00e9shydrat\u00e9es dans un s\u00e9choir en bois, puis savamment m\u00e9lang\u00e9es.<\/p>\n<ul>\n<li>Les herbes du p\u00eacheur : aneth, coriandre, thym-citron, ciboulette<\/li>\n<\/ul>\n<p><em>Ce m\u00e9lange condimentaire est une subtile association de plantes aromatiques s\u00e9ch\u00e9es. A saupoudrer pour rehausser les saveurs de vos plats, au gr\u00e8s de votre cr\u00e9ativit\u00e9 !<\/em><\/p>\n<p>Poids net : 60g<\/p>\n","protected":false},"excerpt":{"rendered":"<p>Ces plantes aromatiques sont cultiv\u00e9es sans intrants chimiques, pour une r\u00e9colte douce \u00e0 la main. Elles sont ensuite d\u00e9shydrat\u00e9es dans un s\u00e9choir en bois, puis savamment m\u00e9lang\u00e9es. Les herbes du p\u00eacheur : aneth, coriandre, thym-citron, ciboulette Ce m\u00e9lange condimentaire est une subtile association de plantes aromatiques s\u00e9ch\u00e9es. A saupoudrer pour rehausser les saveurs de vos [&hellip;]<\/p>\n","protected":false},"featured_media":210186,"comment_status":"open","ping_status":"closed","template":"","meta":{"_et_pb_use_builder":"","_et_pb_old_content":"","_et_gb_content_width":""},"product_brand":[],"product_cat":[23,47,188],"product_tag":[189],"class_list":{"0":"post-210165","1":"product","2":"type-product","3":"status-publish","4":"has-post-thumbnail","6":"product_cat-epicerie-salee","7":"product_cat-huile-vinaigre","8":"product_cat-verdurette-et-cie","9":"product_tag-verdurette-et-cie-lurbe","11":"first","12":"instock","13":"shipping-taxable","14":"product-type-simple"},"_links":{"self":[{"href":"https:\/\/totdecasa.fr\/index.php\/wp-json\/wp\/v2\/product\/210165","targetHints":{"allow":["GET"]}}],"collection":[{"href":"https:\/\/totdecasa.fr\/index.php\/wp-json\/wp\/v2\/product"}],"about":[{"href":"https:\/\/totdecasa.fr\/index.php\/wp-json\/wp\/v2\/types\/product"}],"replies":[{"embeddable":true,"href":"https:\/\/totdecasa.fr\/index.php\/wp-json\/wp\/v2\/comments?post=210165"}],"wp:featuredmedia":[{"embeddable":true,"href":"https:\/\/totdecasa.fr\/index.php\/wp-json\/wp\/v2\/media\/210186"}],"wp:attachment":[{"href":"https:\/\/totdecasa.fr\/index.php\/wp-json\/wp\/v2\/media?parent=210165"}],"wp:term":[{"taxonomy":"product_brand","embeddable":true,"href":"https:\/\/totdecasa.fr\/index.php\/wp-json\/wp\/v2\/product_brand?post=210165"},{"taxonomy":"product_cat","embeddable":true,"href":"https:\/\/totdecasa.fr\/index.php\/wp-json\/wp\/v2\/product_cat?post=210165"},{"taxonomy":"product_tag","embeddable":true,"href":"https:\/\/totdecasa.fr\/index.php\/wp-json\/wp\/v2\/product_tag?post=210165"}],"curies":[{"name":"wp","href":"https:\/\/api.w.org\/{rel}","templated":true}]}}