{"id":210162,"date":"2021-02-16T17:47:34","date_gmt":"2021-02-16T16:47:34","guid":{"rendered":"http:\/\/totdecasa.fr\/?post_type=product&#038;p=210162"},"modified":"2021-02-18T11:19:47","modified_gmt":"2021-02-18T10:19:47","slug":"saucisson-pur-porc-medaille-dargent","status":"publish","type":"product","link":"https:\/\/totdecasa.fr\/index.php\/produit\/saucisson-pur-porc-medaille-dargent\/","title":{"rendered":"Saucisson pur porc &#8211; M\u00e9daille d&rsquo;argent"},"content":{"rendered":"<p>* M\u00e9daille d&rsquo;argent Paris 2020 au Concours G\u00e9n\u00e9ral Agricole *<\/p>\n<p>Ingr\u00e9dients : porc, vin pur sec, sel, poivre, boyau naturel<\/p>\n<p>Poids moyen : 220g<\/p>\n<p><em>Porcs lourds \u00e9lev\u00e9s sur paille, nourris de c\u00e9r\u00e9ales et tourteaux non OGM.<\/em><\/p>\n","protected":false},"excerpt":{"rendered":"<p>* M\u00e9daille d&rsquo;argent Paris 2020 au Concours G\u00e9n\u00e9ral Agricole * Ingr\u00e9dients : porc, vin pur sec, sel, poivre, boyau naturel Poids moyen : 220g Porcs lourds \u00e9lev\u00e9s sur paille, nourris de c\u00e9r\u00e9ales et tourteaux non OGM.<\/p>\n","protected":false},"featured_media":210200,"comment_status":"open","ping_status":"closed","template":"","meta":{"_et_pb_use_builder":"","_et_pb_old_content":"","_et_gb_content_width":""},"product_brand":[],"product_cat":[163,23,186],"product_tag":[187],"class_list":{"0":"post-210162","1":"product","2":"type-product","3":"status-publish","4":"has-post-thumbnail","6":"product_cat-aperitifs","7":"product_cat-epicerie-salee","8":"product_cat-ferme-pretou","9":"product_tag-ferme-pretou-escoubes","11":"first","12":"instock","13":"shipping-taxable","14":"product-type-simple"},"_links":{"self":[{"href":"https:\/\/totdecasa.fr\/index.php\/wp-json\/wp\/v2\/product\/210162","targetHints":{"allow":["GET"]}}],"collection":[{"href":"https:\/\/totdecasa.fr\/index.php\/wp-json\/wp\/v2\/product"}],"about":[{"href":"https:\/\/totdecasa.fr\/index.php\/wp-json\/wp\/v2\/types\/product"}],"replies":[{"embeddable":true,"href":"https:\/\/totdecasa.fr\/index.php\/wp-json\/wp\/v2\/comments?post=210162"}],"wp:featuredmedia":[{"embeddable":true,"href":"https:\/\/totdecasa.fr\/index.php\/wp-json\/wp\/v2\/media\/210200"}],"wp:attachment":[{"href":"https:\/\/totdecasa.fr\/index.php\/wp-json\/wp\/v2\/media?parent=210162"}],"wp:term":[{"taxonomy":"product_brand","embeddable":true,"href":"https:\/\/totdecasa.fr\/index.php\/wp-json\/wp\/v2\/product_brand?post=210162"},{"taxonomy":"product_cat","embeddable":true,"href":"https:\/\/totdecasa.fr\/index.php\/wp-json\/wp\/v2\/product_cat?post=210162"},{"taxonomy":"product_tag","embeddable":true,"href":"https:\/\/totdecasa.fr\/index.php\/wp-json\/wp\/v2\/product_tag?post=210162"}],"curies":[{"name":"wp","href":"https:\/\/api.w.org\/{rel}","templated":true}]}}