{"id":210068,"date":"2021-01-20T11:03:15","date_gmt":"2021-01-20T10:03:15","guid":{"rendered":"http:\/\/totdecasa.fr\/?post_type=product&#038;p=210068"},"modified":"2021-01-20T11:17:11","modified_gmt":"2021-01-20T10:17:11","slug":"cuirs-de-fruits-de-saison","status":"publish","type":"product","link":"https:\/\/totdecasa.fr\/index.php\/produit\/cuirs-de-fruits-de-saison\/","title":{"rendered":"Cuirs de fruits de saison"},"content":{"rendered":"<p>Les cuirs de fruits sont de v\u00e9ritables bonbons naturels, \u00e0 laisser fondre dans le palais pour retrouver toute la puissance des ar\u00f4mes !<\/p>\n<p>Les fruits sont mix\u00e9s et sucr\u00e9s (10% seulement), puis \u00e9tal\u00e9s en couche fine pour une d\u00e9shydratation tr\u00e8s lente.<\/p>\n<p>M\u00e9lange en fonction de la saison : pomme-cannelle, kiwi-lin, poire-m\u00fbre&#8230;<\/p>\n<p>Certains cuirs contiennent un soup\u00e7on de banane, un liant.<\/p>\n<p>Poids net : 30g<\/p>\n","protected":false},"excerpt":{"rendered":"<p>Les cuirs de fruits sont de v\u00e9ritables bonbons naturels, \u00e0 laisser fondre dans le palais pour retrouver toute la puissance des ar\u00f4mes ! Les fruits sont mix\u00e9s et sucr\u00e9s (10% seulement), puis \u00e9tal\u00e9s en couche fine pour une d\u00e9shydratation tr\u00e8s lente. M\u00e9lange en fonction de la saison : pomme-cannelle, kiwi-lin, poire-m\u00fbre&#8230; Certains cuirs contiennent un [&hellip;]<\/p>\n","protected":false},"featured_media":210070,"comment_status":"open","ping_status":"closed","template":"","meta":{"_et_pb_use_builder":"","_et_pb_old_content":"","_et_gb_content_width":""},"product_brand":[],"product_cat":[164,184],"product_tag":[185],"class_list":{"0":"post-210068","1":"product","2":"type-product","3":"status-publish","4":"has-post-thumbnail","6":"product_cat-douceurs-sucrees","7":"product_cat-un-brun-seche","8":"product_tag-un-brun-seche-ance-feas","10":"first","11":"instock","12":"shipping-taxable","13":"product-type-simple"},"_links":{"self":[{"href":"https:\/\/totdecasa.fr\/index.php\/wp-json\/wp\/v2\/product\/210068","targetHints":{"allow":["GET"]}}],"collection":[{"href":"https:\/\/totdecasa.fr\/index.php\/wp-json\/wp\/v2\/product"}],"about":[{"href":"https:\/\/totdecasa.fr\/index.php\/wp-json\/wp\/v2\/types\/product"}],"replies":[{"embeddable":true,"href":"https:\/\/totdecasa.fr\/index.php\/wp-json\/wp\/v2\/comments?post=210068"}],"wp:featuredmedia":[{"embeddable":true,"href":"https:\/\/totdecasa.fr\/index.php\/wp-json\/wp\/v2\/media\/210070"}],"wp:attachment":[{"href":"https:\/\/totdecasa.fr\/index.php\/wp-json\/wp\/v2\/media?parent=210068"}],"wp:term":[{"taxonomy":"product_brand","embeddable":true,"href":"https:\/\/totdecasa.fr\/index.php\/wp-json\/wp\/v2\/product_brand?post=210068"},{"taxonomy":"product_cat","embeddable":true,"href":"https:\/\/totdecasa.fr\/index.php\/wp-json\/wp\/v2\/product_cat?post=210068"},{"taxonomy":"product_tag","embeddable":true,"href":"https:\/\/totdecasa.fr\/index.php\/wp-json\/wp\/v2\/product_tag?post=210068"}],"curies":[{"name":"wp","href":"https:\/\/api.w.org\/{rel}","templated":true}]}}