{"id":210066,"date":"2021-01-20T10:47:43","date_gmt":"2021-01-20T09:47:43","guid":{"rendered":"http:\/\/totdecasa.fr\/?post_type=product&#038;p=210066"},"modified":"2021-05-21T15:45:47","modified_gmt":"2021-05-21T13:45:47","slug":"pommes-deshydratees","status":"publish","type":"product","link":"https:\/\/totdecasa.fr\/index.php\/produit\/pommes-deshydratees\/","title":{"rendered":"Pommes d\u00e9shydrat\u00e9es"},"content":{"rendered":"<p>Rondelles de pommes d\u00e9shydrat\u00e9es \u00e0 basse temp\u00e9rature.<\/p>\n<p>Ni s\u00e8ches, ni cuites, le pommes gardent leur moelleux et conservent la majeure partie de leurs qualit\u00e9s nutritionnelles.<\/p>\n<p>Rien n&rsquo;est ajout\u00e9 : pas de sucre, de conservateur, d&rsquo;\u00e9dulcorant ou de colorants.<\/p>\n<p>\u00c0 croquer tel quel ou \u00e0 incorporer dans vos recettes (salades, laitages, g\u00e2teaux, viandes&#8230;).<\/p>\n<p>Poids net : 100g<\/p>\n","protected":false},"excerpt":{"rendered":"<p>Rondelles de pommes d\u00e9shydrat\u00e9es \u00e0 basse temp\u00e9rature. Ni s\u00e8ches, ni cuites, le pommes gardent leur moelleux et conservent la majeure partie de leurs qualit\u00e9s nutritionnelles. Rien n&rsquo;est ajout\u00e9 : pas de sucre, de conservateur, d&rsquo;\u00e9dulcorant ou de colorants. \u00c0 croquer tel quel ou \u00e0 incorporer dans vos recettes (salades, laitages, g\u00e2teaux, viandes&#8230;). Poids net : [&hellip;]<\/p>\n","protected":false},"featured_media":210069,"comment_status":"open","ping_status":"closed","template":"","meta":{"_et_pb_use_builder":"","_et_pb_old_content":"","_et_gb_content_width":""},"product_brand":[],"product_cat":[164,184],"product_tag":[185],"class_list":{"0":"post-210066","1":"product","2":"type-product","3":"status-publish","4":"has-post-thumbnail","6":"product_cat-douceurs-sucrees","7":"product_cat-un-brun-seche","8":"product_tag-un-brun-seche-ance-feas","10":"first","11":"instock","12":"shipping-taxable","13":"product-type-simple"},"_links":{"self":[{"href":"https:\/\/totdecasa.fr\/index.php\/wp-json\/wp\/v2\/product\/210066","targetHints":{"allow":["GET"]}}],"collection":[{"href":"https:\/\/totdecasa.fr\/index.php\/wp-json\/wp\/v2\/product"}],"about":[{"href":"https:\/\/totdecasa.fr\/index.php\/wp-json\/wp\/v2\/types\/product"}],"replies":[{"embeddable":true,"href":"https:\/\/totdecasa.fr\/index.php\/wp-json\/wp\/v2\/comments?post=210066"}],"wp:featuredmedia":[{"embeddable":true,"href":"https:\/\/totdecasa.fr\/index.php\/wp-json\/wp\/v2\/media\/210069"}],"wp:attachment":[{"href":"https:\/\/totdecasa.fr\/index.php\/wp-json\/wp\/v2\/media?parent=210066"}],"wp:term":[{"taxonomy":"product_brand","embeddable":true,"href":"https:\/\/totdecasa.fr\/index.php\/wp-json\/wp\/v2\/product_brand?post=210066"},{"taxonomy":"product_cat","embeddable":true,"href":"https:\/\/totdecasa.fr\/index.php\/wp-json\/wp\/v2\/product_cat?post=210066"},{"taxonomy":"product_tag","embeddable":true,"href":"https:\/\/totdecasa.fr\/index.php\/wp-json\/wp\/v2\/product_tag?post=210066"}],"curies":[{"name":"wp","href":"https:\/\/api.w.org\/{rel}","templated":true}]}}