{"id":210034,"date":"2020-11-27T11:08:10","date_gmt":"2020-11-27T10:08:10","guid":{"rendered":"http:\/\/totdecasa.fr\/?post_type=product&#038;p=210034"},"modified":"2020-11-27T11:08:53","modified_gmt":"2020-11-27T10:08:53","slug":"pain-au-sarrasin","status":"publish","type":"product","link":"https:\/\/totdecasa.fr\/index.php\/produit\/pain-au-sarrasin\/","title":{"rendered":"Pain au sarrasin"},"content":{"rendered":"<div class=\"et_pb_column et_pb_column_4_4 et_pb_column_3 et_pb_css_mix_blend_mode_passthrough et-last-child\">\n<div class=\"et_pb_woopro_description et_pb_module et_pb_woopro_description_0\">\n<p>Pain au sarrasin (30%).<\/p>\n<p>Poids moyen : 500g<\/p>\n<p>Le sarrasin et le bl\u00e9, certifi\u00e9s Agriculture Biologique, sont produits \u00e0 la ferme et moulus sur meule de pierre.<\/p>\n<\/div>\n<\/div>\n","protected":false},"excerpt":{"rendered":"<p>Pain au sarrasin (30%). Poids moyen : 500g Le sarrasin et le bl\u00e9, certifi\u00e9s Agriculture Biologique, sont produits \u00e0 la ferme et moulus sur meule de pierre.<\/p>\n","protected":false},"featured_media":0,"comment_status":"open","ping_status":"closed","template":"","meta":{"_et_pb_use_builder":"","_et_pb_old_content":"","_et_gb_content_width":""},"product_brand":[],"product_cat":[104,21],"product_tag":[149],"class_list":{"0":"post-210034","1":"product","2":"type-product","3":"status-publish","5":"product_cat-gaec-pietometi","6":"product_cat-pains-brioches","7":"product_tag-gaec-pietometi-ogeu","9":"first","10":"instock","11":"shipping-taxable","12":"product-type-simple"},"_links":{"self":[{"href":"https:\/\/totdecasa.fr\/index.php\/wp-json\/wp\/v2\/product\/210034","targetHints":{"allow":["GET"]}}],"collection":[{"href":"https:\/\/totdecasa.fr\/index.php\/wp-json\/wp\/v2\/product"}],"about":[{"href":"https:\/\/totdecasa.fr\/index.php\/wp-json\/wp\/v2\/types\/product"}],"replies":[{"embeddable":true,"href":"https:\/\/totdecasa.fr\/index.php\/wp-json\/wp\/v2\/comments?post=210034"}],"wp:attachment":[{"href":"https:\/\/totdecasa.fr\/index.php\/wp-json\/wp\/v2\/media?parent=210034"}],"wp:term":[{"taxonomy":"product_brand","embeddable":true,"href":"https:\/\/totdecasa.fr\/index.php\/wp-json\/wp\/v2\/product_brand?post=210034"},{"taxonomy":"product_cat","embeddable":true,"href":"https:\/\/totdecasa.fr\/index.php\/wp-json\/wp\/v2\/product_cat?post=210034"},{"taxonomy":"product_tag","embeddable":true,"href":"https:\/\/totdecasa.fr\/index.php\/wp-json\/wp\/v2\/product_tag?post=210034"}],"curies":[{"name":"wp","href":"https:\/\/api.w.org\/{rel}","templated":true}]}}