{"id":210032,"date":"2020-11-27T10:52:30","date_gmt":"2020-11-27T09:52:30","guid":{"rendered":"http:\/\/totdecasa.fr\/?post_type=product&#038;p=210032"},"modified":"2020-11-27T10:52:30","modified_gmt":"2020-11-27T09:52:30","slug":"pain-de-mie","status":"publish","type":"product","link":"https:\/\/totdecasa.fr\/index.php\/produit\/pain-de-mie\/","title":{"rendered":"Pain de mie"},"content":{"rendered":"<p>D\u00e9licieux pain de mie, id\u00e9al pour le petit d\u00e9jeuner !<\/p>\n<p>Le bl\u00e9, certifi\u00e9 Agriculture Biologique, est produit \u00e0 la ferme et moulu sur meule de pierre.<\/p>\n","protected":false},"excerpt":{"rendered":"<p>D\u00e9licieux pain de mie, id\u00e9al pour le petit d\u00e9jeuner ! Le bl\u00e9, certifi\u00e9 Agriculture Biologique, est produit \u00e0 la ferme et moulu sur meule de pierre.<\/p>\n","protected":false},"featured_media":0,"comment_status":"open","ping_status":"closed","template":"","meta":{"_et_pb_use_builder":"","_et_pb_old_content":"","_et_gb_content_width":""},"product_brand":[],"product_cat":[104,21],"product_tag":[149],"class_list":{"0":"post-210032","1":"product","2":"type-product","3":"status-publish","5":"product_cat-gaec-pietometi","6":"product_cat-pains-brioches","7":"product_tag-gaec-pietometi-ogeu","9":"first","10":"instock","11":"shipping-taxable","12":"product-type-simple"},"_links":{"self":[{"href":"https:\/\/totdecasa.fr\/index.php\/wp-json\/wp\/v2\/product\/210032","targetHints":{"allow":["GET"]}}],"collection":[{"href":"https:\/\/totdecasa.fr\/index.php\/wp-json\/wp\/v2\/product"}],"about":[{"href":"https:\/\/totdecasa.fr\/index.php\/wp-json\/wp\/v2\/types\/product"}],"replies":[{"embeddable":true,"href":"https:\/\/totdecasa.fr\/index.php\/wp-json\/wp\/v2\/comments?post=210032"}],"wp:attachment":[{"href":"https:\/\/totdecasa.fr\/index.php\/wp-json\/wp\/v2\/media?parent=210032"}],"wp:term":[{"taxonomy":"product_brand","embeddable":true,"href":"https:\/\/totdecasa.fr\/index.php\/wp-json\/wp\/v2\/product_brand?post=210032"},{"taxonomy":"product_cat","embeddable":true,"href":"https:\/\/totdecasa.fr\/index.php\/wp-json\/wp\/v2\/product_cat?post=210032"},{"taxonomy":"product_tag","embeddable":true,"href":"https:\/\/totdecasa.fr\/index.php\/wp-json\/wp\/v2\/product_tag?post=210032"}],"curies":[{"name":"wp","href":"https:\/\/api.w.org\/{rel}","templated":true}]}}