{"id":210030,"date":"2020-11-27T10:40:50","date_gmt":"2020-11-27T09:40:50","guid":{"rendered":"http:\/\/totdecasa.fr\/?post_type=product&#038;p=210030"},"modified":"2024-04-19T15:27:23","modified_gmt":"2024-04-19T13:27:23","slug":"boeuf-aux-olives","status":"publish","type":"product","link":"https:\/\/totdecasa.fr\/index.php\/produit\/boeuf-aux-olives\/","title":{"rendered":"B\u0153uf aux olives"},"content":{"rendered":"<p>Ingr\u00e9dients : viande bovine origine France (Barcus), concentr\u00e9 de tomates, fleur de ma\u00efs, olives (6%), sel, poivre.<\/p>\n<p>Poids net : 750g<\/p>\n","protected":false},"excerpt":{"rendered":"<p>Ingr\u00e9dients : viande bovine origine France (Barcus), concentr\u00e9 de tomates, fleur de ma\u00efs, olives (6%), sel, poivre. Poids net : 750g<\/p>\n","protected":false},"featured_media":210116,"comment_status":"open","ping_status":"closed","template":"","meta":{"_et_pb_use_builder":"","_et_pb_old_content":"","_et_gb_content_width":""},"product_brand":[],"product_cat":[37,22,119,49],"product_tag":[157],"class_list":{"0":"post-210030","1":"product","2":"type-product","3":"status-publish","4":"has-post-thumbnail","6":"product_cat-boeuf","7":"product_cat-conserves-fines","8":"product_cat-ferme-attuli","9":"product_cat-viandes-en-sauce","10":"product_tag-ferme-attuli-etxaltea-barcus","12":"first","13":"instock","14":"shipping-taxable","15":"product-type-simple"},"_links":{"self":[{"href":"https:\/\/totdecasa.fr\/index.php\/wp-json\/wp\/v2\/product\/210030","targetHints":{"allow":["GET"]}}],"collection":[{"href":"https:\/\/totdecasa.fr\/index.php\/wp-json\/wp\/v2\/product"}],"about":[{"href":"https:\/\/totdecasa.fr\/index.php\/wp-json\/wp\/v2\/types\/product"}],"replies":[{"embeddable":true,"href":"https:\/\/totdecasa.fr\/index.php\/wp-json\/wp\/v2\/comments?post=210030"}],"wp:featuredmedia":[{"embeddable":true,"href":"https:\/\/totdecasa.fr\/index.php\/wp-json\/wp\/v2\/media\/210116"}],"wp:attachment":[{"href":"https:\/\/totdecasa.fr\/index.php\/wp-json\/wp\/v2\/media?parent=210030"}],"wp:term":[{"taxonomy":"product_brand","embeddable":true,"href":"https:\/\/totdecasa.fr\/index.php\/wp-json\/wp\/v2\/product_brand?post=210030"},{"taxonomy":"product_cat","embeddable":true,"href":"https:\/\/totdecasa.fr\/index.php\/wp-json\/wp\/v2\/product_cat?post=210030"},{"taxonomy":"product_tag","embeddable":true,"href":"https:\/\/totdecasa.fr\/index.php\/wp-json\/wp\/v2\/product_tag?post=210030"}],"curies":[{"name":"wp","href":"https:\/\/api.w.org\/{rel}","templated":true}]}}