{"id":210009,"date":"2020-11-26T16:52:36","date_gmt":"2020-11-26T15:52:36","guid":{"rendered":"http:\/\/totdecasa.fr\/?post_type=product&#038;p=210009"},"modified":"2024-03-03T02:27:29","modified_gmt":"2024-03-03T01:27:29","slug":"biere-ambree-lescarre","status":"publish","type":"product","link":"https:\/\/totdecasa.fr\/index.php\/produit\/biere-ambree-lescarre\/","title":{"rendered":"Bi\u00e8re Ambr\u00e9e &#8211; L&rsquo;escarr\u00e9"},"content":{"rendered":"<p>Bi\u00e8re ambr\u00e9e artisanale L&rsquo;escarr\u00e9, brass\u00e9es sur la ferme avec l&rsquo;orge bio produit sur place.<\/p>\n<p>Bi\u00e8re sur lie, non filtr\u00e9e, de fermentation haute. \u00c0 d\u00e9guster entre 5\u00b0 et 7\u00b0.<\/p>\n<p>33cl ou 75cl \u2013 5,5% VOL.<\/p>\n<p>Ingr\u00e9dients : eau, <strong>malt*<\/strong>, houblon*, levure<\/p>\n<p>* issus de l\u2019Agriculture Biologique \/ <strong>contient du gluten<\/strong><\/p>\n<p>Produits certifi\u00e9 Agriculture Biologique FR-BIO-12<\/p>\n<p><em>L\u2019abus d\u2019alcool est dangereux pour la sant\u00e9<\/em><\/p>\n","protected":false},"excerpt":{"rendered":"<p>Bi\u00e8re ambr\u00e9e artisanale L&rsquo;escarr\u00e9, brass\u00e9es sur la ferme avec l&rsquo;orge bio produit sur place. Bi\u00e8re sur lie, non filtr\u00e9e, de fermentation haute. \u00c0 d\u00e9guster entre 5\u00b0 et 7\u00b0. 33cl ou 75cl \u2013 5,5% VOL. Ingr\u00e9dients : eau, malt*, houblon*, levure * issus de l\u2019Agriculture Biologique \/ contient du gluten Produits certifi\u00e9 Agriculture Biologique FR-BIO-12 L\u2019abus [&hellip;]<\/p>\n","protected":false},"featured_media":210123,"comment_status":"open","ping_status":"closed","template":"","meta":{"_et_pb_use_builder":"","_et_pb_old_content":"","_et_gb_content_width":""},"product_brand":[],"product_cat":[60,25,181],"product_tag":[182,165],"class_list":{"0":"post-210009","1":"product","2":"type-product","3":"status-publish","4":"has-post-thumbnail","6":"product_cat-bieres","7":"product_cat-boissons","8":"product_cat-lescarre","9":"product_tag-lescarre-poursiugues","10":"product_tag-produit-certifie-agriculture-biologique","12":"first","13":"instock","14":"shipping-taxable","15":"product-type-variable"},"_links":{"self":[{"href":"https:\/\/totdecasa.fr\/index.php\/wp-json\/wp\/v2\/product\/210009","targetHints":{"allow":["GET"]}}],"collection":[{"href":"https:\/\/totdecasa.fr\/index.php\/wp-json\/wp\/v2\/product"}],"about":[{"href":"https:\/\/totdecasa.fr\/index.php\/wp-json\/wp\/v2\/types\/product"}],"replies":[{"embeddable":true,"href":"https:\/\/totdecasa.fr\/index.php\/wp-json\/wp\/v2\/comments?post=210009"}],"wp:featuredmedia":[{"embeddable":true,"href":"https:\/\/totdecasa.fr\/index.php\/wp-json\/wp\/v2\/media\/210123"}],"wp:attachment":[{"href":"https:\/\/totdecasa.fr\/index.php\/wp-json\/wp\/v2\/media?parent=210009"}],"wp:term":[{"taxonomy":"product_brand","embeddable":true,"href":"https:\/\/totdecasa.fr\/index.php\/wp-json\/wp\/v2\/product_brand?post=210009"},{"taxonomy":"product_cat","embeddable":true,"href":"https:\/\/totdecasa.fr\/index.php\/wp-json\/wp\/v2\/product_cat?post=210009"},{"taxonomy":"product_tag","embeddable":true,"href":"https:\/\/totdecasa.fr\/index.php\/wp-json\/wp\/v2\/product_tag?post=210009"}],"curies":[{"name":"wp","href":"https:\/\/api.w.org\/{rel}","templated":true}]}}