{"id":209697,"date":"2020-09-23T10:56:41","date_gmt":"2020-09-23T08:56:41","guid":{"rendered":"http:\/\/totdecasa.fr\/?post_type=product&#038;p=209697"},"modified":"2020-09-23T11:44:31","modified_gmt":"2020-09-23T09:44:31","slug":"bulle-bache-domaine-bru-bache","status":"publish","type":"product","link":"https:\/\/totdecasa.fr\/index.php\/produit\/bulle-bache-domaine-bru-bache\/","title":{"rendered":"Bulle Bach\u00e9 &#8211; Domaine Bru-Bach\u00e9"},"content":{"rendered":"<p>Le Bulle Bach\u00e9 est un vin mousseux \u00e9labor\u00e9 de mani\u00e8re totalement naturelle selon une m\u00e9thode ancestrale (la fermentation se termine en bouteille). Il est produit \u00e0 partir de c\u00e9pages Gros Manseng (50%) et Petits Manseng (50%).<\/p>\n<p>Le Domaine Bru-Bach\u00e9 travaille en Agriculture Biologique et Bio-dynamique et s&rsquo;\u00e9tend sur 10 hectares sur la commune de Monein, entre les parcelles des bois, des haies, des prairies et quelques c\u00e9r\u00e9ales. Cela permet de cr\u00e9er un \u00e9cosyst\u00e8me et ainsi \u00e9viter toute pollution par des voisins qui traitent en chimique. Les vendanges sont manuelles et les vinifications sont faites dans le plus grand respect de la mati\u00e8re premi\u00e8re avec utilisation de levures indig\u00e8nes, sans apport d&rsquo;\u00e9l\u00e9ments ext\u00e9rieurs.<\/p>\n<p>Vin biologique FR BIO 10<\/p>\n","protected":false},"excerpt":{"rendered":"<p>Le Bulle Bach\u00e9 est un vin mousseux \u00e9labor\u00e9 de mani\u00e8re totalement naturelle selon une m\u00e9thode ancestrale (la fermentation se termine en bouteille). Il est produit \u00e0 partir de c\u00e9pages Gros Manseng (50%) et Petits Manseng (50%). Le Domaine Bru-Bach\u00e9 travaille en Agriculture Biologique et Bio-dynamique et s&rsquo;\u00e9tend sur 10 hectares sur la commune de Monein, [&hellip;]<\/p>\n","protected":false},"featured_media":209691,"comment_status":"open","ping_status":"closed","template":"","meta":{"_et_pb_use_builder":"","_et_pb_old_content":"","_et_gb_content_width":""},"product_brand":[],"product_cat":[25,174,177],"product_tag":[176,165],"class_list":{"0":"post-209697","1":"product","2":"type-product","3":"status-publish","4":"has-post-thumbnail","6":"product_cat-boissons","7":"product_cat-domaine-bru-bache","8":"product_cat-vins-petillants","9":"product_tag-domaine-bru-bache-monein","10":"product_tag-produit-certifie-agriculture-biologique","12":"first","13":"instock","14":"shipping-taxable","15":"product-type-simple"},"_links":{"self":[{"href":"https:\/\/totdecasa.fr\/index.php\/wp-json\/wp\/v2\/product\/209697","targetHints":{"allow":["GET"]}}],"collection":[{"href":"https:\/\/totdecasa.fr\/index.php\/wp-json\/wp\/v2\/product"}],"about":[{"href":"https:\/\/totdecasa.fr\/index.php\/wp-json\/wp\/v2\/types\/product"}],"replies":[{"embeddable":true,"href":"https:\/\/totdecasa.fr\/index.php\/wp-json\/wp\/v2\/comments?post=209697"}],"wp:featuredmedia":[{"embeddable":true,"href":"https:\/\/totdecasa.fr\/index.php\/wp-json\/wp\/v2\/media\/209691"}],"wp:attachment":[{"href":"https:\/\/totdecasa.fr\/index.php\/wp-json\/wp\/v2\/media?parent=209697"}],"wp:term":[{"taxonomy":"product_brand","embeddable":true,"href":"https:\/\/totdecasa.fr\/index.php\/wp-json\/wp\/v2\/product_brand?post=209697"},{"taxonomy":"product_cat","embeddable":true,"href":"https:\/\/totdecasa.fr\/index.php\/wp-json\/wp\/v2\/product_cat?post=209697"},{"taxonomy":"product_tag","embeddable":true,"href":"https:\/\/totdecasa.fr\/index.php\/wp-json\/wp\/v2\/product_tag?post=209697"}],"curies":[{"name":"wp","href":"https:\/\/api.w.org\/{rel}","templated":true}]}}