{"id":209695,"date":"2020-09-23T10:48:32","date_gmt":"2020-09-23T08:48:32","guid":{"rendered":"http:\/\/totdecasa.fr\/?post_type=product&#038;p=209695"},"modified":"2024-03-03T07:00:48","modified_gmt":"2024-03-03T06:00:48","slug":"jurancon-sec-domaine-bru-bache","status":"publish","type":"product","link":"https:\/\/totdecasa.fr\/index.php\/produit\/jurancon-sec-domaine-bru-bache\/","title":{"rendered":"Juran\u00e7on Sec &#8211; Domaine Bru-Bach\u00e9"},"content":{"rendered":"<p>Juran\u00e7on sec 100% Gros Manseng, tr\u00e8s appr\u00e9ci\u00e9 sur les fruits de mer.<\/p>\n<p>Le Domaine Bru-Bach\u00e9 travaille en Agriculture Biologique et Bio-dynamique et s&rsquo;\u00e9tend sur 10 hectares sur la commune de Monein, entre les parcelles des bois, des haies, des prairies et quelques c\u00e9r\u00e9ales. Cela permet de cr\u00e9er un \u00e9cosyst\u00e8me et ainsi \u00e9viter toute pollution par des voisins qui traitent en chimique. Les vendanges sont manuelles et les vinifications sont faites dans le plus grand respect de la mati\u00e8re premi\u00e8re avec utilisation de levures indig\u00e8nes, sans apport d&rsquo;\u00e9l\u00e9ments ext\u00e9rieurs.<\/p>\n<p>Vin biologique FR BIO 10<\/p>\n","protected":false},"excerpt":{"rendered":"<p>Juran\u00e7on sec 100% Gros Manseng, tr\u00e8s appr\u00e9ci\u00e9 sur les fruits de mer. Le Domaine Bru-Bach\u00e9 travaille en Agriculture Biologique et Bio-dynamique et s&rsquo;\u00e9tend sur 10 hectares sur la commune de Monein, entre les parcelles des bois, des haies, des prairies et quelques c\u00e9r\u00e9ales. Cela permet de cr\u00e9er un \u00e9cosyst\u00e8me et ainsi \u00e9viter toute pollution par [&hellip;]<\/p>\n","protected":false},"featured_media":209690,"comment_status":"open","ping_status":"closed","template":"","meta":{"_et_pb_use_builder":"","_et_pb_old_content":"","_et_gb_content_width":""},"product_brand":[],"product_cat":[25,174,58],"product_tag":[176,165],"class_list":{"0":"post-209695","1":"product","2":"type-product","3":"status-publish","4":"has-post-thumbnail","6":"product_cat-boissons","7":"product_cat-domaine-bru-bache","8":"product_cat-vins-blancs-secs","9":"product_tag-domaine-bru-bache-monein","10":"product_tag-produit-certifie-agriculture-biologique","12":"first","13":"instock","14":"shipping-taxable","15":"product-type-simple"},"_links":{"self":[{"href":"https:\/\/totdecasa.fr\/index.php\/wp-json\/wp\/v2\/product\/209695","targetHints":{"allow":["GET"]}}],"collection":[{"href":"https:\/\/totdecasa.fr\/index.php\/wp-json\/wp\/v2\/product"}],"about":[{"href":"https:\/\/totdecasa.fr\/index.php\/wp-json\/wp\/v2\/types\/product"}],"replies":[{"embeddable":true,"href":"https:\/\/totdecasa.fr\/index.php\/wp-json\/wp\/v2\/comments?post=209695"}],"wp:featuredmedia":[{"embeddable":true,"href":"https:\/\/totdecasa.fr\/index.php\/wp-json\/wp\/v2\/media\/209690"}],"wp:attachment":[{"href":"https:\/\/totdecasa.fr\/index.php\/wp-json\/wp\/v2\/media?parent=209695"}],"wp:term":[{"taxonomy":"product_brand","embeddable":true,"href":"https:\/\/totdecasa.fr\/index.php\/wp-json\/wp\/v2\/product_brand?post=209695"},{"taxonomy":"product_cat","embeddable":true,"href":"https:\/\/totdecasa.fr\/index.php\/wp-json\/wp\/v2\/product_cat?post=209695"},{"taxonomy":"product_tag","embeddable":true,"href":"https:\/\/totdecasa.fr\/index.php\/wp-json\/wp\/v2\/product_tag?post=209695"}],"curies":[{"name":"wp","href":"https:\/\/api.w.org\/{rel}","templated":true}]}}