{"id":209694,"date":"2020-09-23T10:35:04","date_gmt":"2020-09-23T08:35:04","guid":{"rendered":"http:\/\/totdecasa.fr\/?post_type=product&#038;p=209694"},"modified":"2024-04-19T15:11:12","modified_gmt":"2024-04-19T13:11:12","slug":"spiruline-en-comprimes","status":"publish","type":"product","link":"https:\/\/totdecasa.fr\/index.php\/produit\/spiruline-en-comprimes\/","title":{"rendered":"Spiruline en comprim\u00e9s"},"content":{"rendered":"<p>Spiruline en comprim\u00e9s, produite de mani\u00e8re artisanale, avec le sel de Salies de B\u00e9arn, et sans pesticides. Cette microalgue d&rsquo;eau douce est r\u00e9colt\u00e9e et transform\u00e9e sur place, par les producteurs, afin de garantir une conservation optimale de ses qualit\u00e9s nutritionnelles.<\/p>\n<p>La spiruline est une excellente source de prot\u00e9ines, fer, phycocyanine, vitamines du groupe R, dont la B12, b\u00e9ta carot\u00e8ne, calcium, magn\u00e9sium, phosphore et oligo\u00e9l\u00e9ments.<\/p>\n<p>Poids net : 100g.<\/p>\n<p>Le sachet contient 200 comprim\u00e9s de 500mg.<\/p>\n","protected":false},"excerpt":{"rendered":"<p>Spiruline en comprim\u00e9s, produite de mani\u00e8re artisanale, avec le sel de Salies de B\u00e9arn, et sans pesticides. Cette microalgue d&rsquo;eau douce est r\u00e9colt\u00e9e et transform\u00e9e sur place, par les producteurs, afin de garantir une conservation optimale de ses qualit\u00e9s nutritionnelles. La spiruline est une excellente source de prot\u00e9ines, fer, phycocyanine, vitamines du groupe R, dont [&hellip;]<\/p>\n","protected":false},"featured_media":209688,"comment_status":"open","ping_status":"closed","template":"","meta":{"_et_pb_use_builder":"","_et_pb_old_content":"","_et_gb_content_width":""},"product_brand":[],"product_cat":[26,160,173],"product_tag":[175],"class_list":{"0":"post-209694","1":"product","2":"type-product","3":"status-publish","4":"has-post-thumbnail","6":"product_cat-bien-etre","7":"product_cat-hygiene-du-corps","8":"product_cat-spiruline-d-aquitaine","9":"product_tag-spiruline-d-aquitaine-argagnon","11":"first","12":"onbackorder","13":"shipping-taxable","14":"product-type-simple"},"_links":{"self":[{"href":"https:\/\/totdecasa.fr\/index.php\/wp-json\/wp\/v2\/product\/209694","targetHints":{"allow":["GET"]}}],"collection":[{"href":"https:\/\/totdecasa.fr\/index.php\/wp-json\/wp\/v2\/product"}],"about":[{"href":"https:\/\/totdecasa.fr\/index.php\/wp-json\/wp\/v2\/types\/product"}],"replies":[{"embeddable":true,"href":"https:\/\/totdecasa.fr\/index.php\/wp-json\/wp\/v2\/comments?post=209694"}],"wp:featuredmedia":[{"embeddable":true,"href":"https:\/\/totdecasa.fr\/index.php\/wp-json\/wp\/v2\/media\/209688"}],"wp:attachment":[{"href":"https:\/\/totdecasa.fr\/index.php\/wp-json\/wp\/v2\/media?parent=209694"}],"wp:term":[{"taxonomy":"product_brand","embeddable":true,"href":"https:\/\/totdecasa.fr\/index.php\/wp-json\/wp\/v2\/product_brand?post=209694"},{"taxonomy":"product_cat","embeddable":true,"href":"https:\/\/totdecasa.fr\/index.php\/wp-json\/wp\/v2\/product_cat?post=209694"},{"taxonomy":"product_tag","embeddable":true,"href":"https:\/\/totdecasa.fr\/index.php\/wp-json\/wp\/v2\/product_tag?post=209694"}],"curies":[{"name":"wp","href":"https:\/\/api.w.org\/{rel}","templated":true}]}}