{"id":209683,"date":"2020-09-23T09:45:55","date_gmt":"2020-09-23T07:45:55","guid":{"rendered":"http:\/\/totdecasa.fr\/?post_type=product&#038;p=209683"},"modified":"2020-09-23T09:45:55","modified_gmt":"2020-09-23T07:45:55","slug":"miel-de-tilleul","status":"publish","type":"product","link":"https:\/\/totdecasa.fr\/index.php\/produit\/miel-de-tilleul\/","title":{"rendered":"Miel de tilleul"},"content":{"rendered":"<p>Le miel de tilleul est r\u00e9colt\u00e9 au milieu de l&rsquo;\u00e9t\u00e9, juste apr\u00e8s la floraison qui commence en juin.<\/p>\n<p>De couleur jaune \u00e0 ambr\u00e9, le miel de tilleul est assez sucr\u00e9. D&rsquo;un aspect liquide quand il est jeune, il passe au cr\u00e9meux en avan\u00e7ant dans sa cristallisation.<\/p>\n<p>Poids net : 500g<\/p>\n","protected":false},"excerpt":{"rendered":"<p>Le miel de tilleul est r\u00e9colt\u00e9 au milieu de l&rsquo;\u00e9t\u00e9, juste apr\u00e8s la floraison qui commence en juin. De couleur jaune \u00e0 ambr\u00e9, le miel de tilleul est assez sucr\u00e9. D&rsquo;un aspect liquide quand il est jeune, il passe au cr\u00e9meux en avan\u00e7ant dans sa cristallisation. Poids net : 500g<\/p>\n","protected":false},"featured_media":209684,"comment_status":"open","ping_status":"closed","template":"","meta":{"_et_pb_use_builder":"","_et_pb_old_content":"","_et_gb_content_width":""},"product_brand":[],"product_cat":[24,127,43],"product_tag":[158],"class_list":{"0":"post-209683","1":"product","2":"type-product","3":"status-publish","4":"has-post-thumbnail","6":"product_cat-epicerie-sucree","7":"product_cat-familha-masseillou","8":"product_cat-miel-et-produit-de-la-ruche","9":"product_tag-familha-masseillou-lescar","11":"first","12":"instock","13":"shipping-taxable","14":"product-type-simple"},"_links":{"self":[{"href":"https:\/\/totdecasa.fr\/index.php\/wp-json\/wp\/v2\/product\/209683","targetHints":{"allow":["GET"]}}],"collection":[{"href":"https:\/\/totdecasa.fr\/index.php\/wp-json\/wp\/v2\/product"}],"about":[{"href":"https:\/\/totdecasa.fr\/index.php\/wp-json\/wp\/v2\/types\/product"}],"replies":[{"embeddable":true,"href":"https:\/\/totdecasa.fr\/index.php\/wp-json\/wp\/v2\/comments?post=209683"}],"wp:featuredmedia":[{"embeddable":true,"href":"https:\/\/totdecasa.fr\/index.php\/wp-json\/wp\/v2\/media\/209684"}],"wp:attachment":[{"href":"https:\/\/totdecasa.fr\/index.php\/wp-json\/wp\/v2\/media?parent=209683"}],"wp:term":[{"taxonomy":"product_brand","embeddable":true,"href":"https:\/\/totdecasa.fr\/index.php\/wp-json\/wp\/v2\/product_brand?post=209683"},{"taxonomy":"product_cat","embeddable":true,"href":"https:\/\/totdecasa.fr\/index.php\/wp-json\/wp\/v2\/product_cat?post=209683"},{"taxonomy":"product_tag","embeddable":true,"href":"https:\/\/totdecasa.fr\/index.php\/wp-json\/wp\/v2\/product_tag?post=209683"}],"curies":[{"name":"wp","href":"https:\/\/api.w.org\/{rel}","templated":true}]}}