{"id":209663,"date":"2020-09-22T11:57:15","date_gmt":"2020-09-22T09:57:15","guid":{"rendered":"http:\/\/totdecasa.fr\/?post_type=product&#038;p=209663"},"modified":"2021-06-05T09:52:07","modified_gmt":"2021-06-05T07:52:07","slug":"biere-ambree-keiset","status":"publish","type":"product","link":"https:\/\/totdecasa.fr\/index.php\/produit\/biere-ambree-keiset\/","title":{"rendered":"Bi\u00e8re Ambr\u00e9e &#8211; Keiset"},"content":{"rendered":"<p><em>Cervesa bra\u00e7ada en Biarn !<\/em><\/p>\n<p>Bi\u00e8re ambr\u00e9e aux notes \u00e9quilibr\u00e9es de caramel et d&rsquo;agrumes (Alc. 6,5% vol.).<\/p>\n<p>Ingr\u00e9dients : eau, malt d&rsquo;orge et de bl\u00e9, houblons, levures.<\/p>\n<p>Brass\u00e9e \u00e0 partir de malt et de bl\u00e9 cultiv\u00e9 localement. Non filtr\u00e9e, le l\u00e9ger d\u00e9p\u00f4t au fond de la bouteille est naturel et n&rsquo;alt\u00e8re en rien la qualit\u00e9 de la bi\u00e8re.<\/p>\n<p><em>L\u2019abus d\u2019alcool est dangereux pour la sant\u00e9.<\/em><\/p>\n","protected":false},"excerpt":{"rendered":"<p>Cervesa bra\u00e7ada en Biarn ! Bi\u00e8re ambr\u00e9e aux notes \u00e9quilibr\u00e9es de caramel et d&rsquo;agrumes (Alc. 6,5% vol.). Ingr\u00e9dients : eau, malt d&rsquo;orge et de bl\u00e9, houblons, levures. Brass\u00e9e \u00e0 partir de malt et de bl\u00e9 cultiv\u00e9 localement. Non filtr\u00e9e, le l\u00e9ger d\u00e9p\u00f4t au fond de la bouteille est naturel et n&rsquo;alt\u00e8re en rien la qualit\u00e9 [&hellip;]<\/p>\n","protected":false},"featured_media":206705,"comment_status":"open","ping_status":"closed","template":"","meta":{"_et_pb_use_builder":"","_et_pb_old_content":"","_et_gb_content_width":""},"product_brand":[],"product_cat":[60,25,88],"product_tag":[153],"class_list":{"0":"post-209663","1":"product","2":"type-product","3":"status-publish","4":"has-post-thumbnail","6":"product_cat-bieres","7":"product_cat-boissons","8":"product_cat-brasserie-de-larrec","9":"product_tag-brasserie-de-larrec-estialescq","11":"first","12":"instock","13":"shipping-taxable","14":"product-type-variable"},"_links":{"self":[{"href":"https:\/\/totdecasa.fr\/index.php\/wp-json\/wp\/v2\/product\/209663","targetHints":{"allow":["GET"]}}],"collection":[{"href":"https:\/\/totdecasa.fr\/index.php\/wp-json\/wp\/v2\/product"}],"about":[{"href":"https:\/\/totdecasa.fr\/index.php\/wp-json\/wp\/v2\/types\/product"}],"replies":[{"embeddable":true,"href":"https:\/\/totdecasa.fr\/index.php\/wp-json\/wp\/v2\/comments?post=209663"}],"wp:featuredmedia":[{"embeddable":true,"href":"https:\/\/totdecasa.fr\/index.php\/wp-json\/wp\/v2\/media\/206705"}],"wp:attachment":[{"href":"https:\/\/totdecasa.fr\/index.php\/wp-json\/wp\/v2\/media?parent=209663"}],"wp:term":[{"taxonomy":"product_brand","embeddable":true,"href":"https:\/\/totdecasa.fr\/index.php\/wp-json\/wp\/v2\/product_brand?post=209663"},{"taxonomy":"product_cat","embeddable":true,"href":"https:\/\/totdecasa.fr\/index.php\/wp-json\/wp\/v2\/product_cat?post=209663"},{"taxonomy":"product_tag","embeddable":true,"href":"https:\/\/totdecasa.fr\/index.php\/wp-json\/wp\/v2\/product_tag?post=209663"}],"curies":[{"name":"wp","href":"https:\/\/api.w.org\/{rel}","templated":true}]}}