{"id":209660,"date":"2020-09-22T11:53:31","date_gmt":"2020-09-22T09:53:31","guid":{"rendered":"http:\/\/totdecasa.fr\/?post_type=product&#038;p=209660"},"modified":"2020-09-22T11:53:32","modified_gmt":"2020-09-22T09:53:32","slug":"biere-blonde-keiset","status":"publish","type":"product","link":"https:\/\/totdecasa.fr\/index.php\/produit\/biere-blonde-keiset\/","title":{"rendered":"Bi\u00e8re Blonde &#8211; Keiset"},"content":{"rendered":"<p><em>Cervesa bra\u00e7ada en Biarn !<\/em><\/p>\n<p>Bi\u00e8re blonde l\u00e9g\u00e8re et rafra\u00eechissante (Alc. 6,5% vol.).<\/p>\n<p>Ingr\u00e9dients : eau, malt d&rsquo;orge et de bl\u00e9, houblons, levures.<\/p>\n<p>Brass\u00e9e \u00e0 partir de malt et de bl\u00e9 cultiv\u00e9 localement. Non filtr\u00e9e, le l\u00e9ger d\u00e9p\u00f4t au fond de la bouteille est naturel et n&rsquo;alt\u00e8re en rien la qualit\u00e9 de la bi\u00e8re.<\/p>\n<p><em>L\u2019abus d\u2019alcool est dangereux pour la sant\u00e9.<\/em><\/p>\n","protected":false},"excerpt":{"rendered":"<p>Cervesa bra\u00e7ada en Biarn ! Bi\u00e8re blonde l\u00e9g\u00e8re et rafra\u00eechissante (Alc. 6,5% vol.). Ingr\u00e9dients : eau, malt d&rsquo;orge et de bl\u00e9, houblons, levures. Brass\u00e9e \u00e0 partir de malt et de bl\u00e9 cultiv\u00e9 localement. Non filtr\u00e9e, le l\u00e9ger d\u00e9p\u00f4t au fond de la bouteille est naturel et n&rsquo;alt\u00e8re en rien la qualit\u00e9 de la bi\u00e8re. L\u2019abus [&hellip;]<\/p>\n","protected":false},"featured_media":206703,"comment_status":"open","ping_status":"closed","template":"","meta":{"_et_pb_use_builder":"","_et_pb_old_content":"","_et_gb_content_width":""},"product_brand":[],"product_cat":[60,25,88],"product_tag":[153],"class_list":{"0":"post-209660","1":"product","2":"type-product","3":"status-publish","4":"has-post-thumbnail","6":"product_cat-bieres","7":"product_cat-boissons","8":"product_cat-brasserie-de-larrec","9":"product_tag-brasserie-de-larrec-estialescq","11":"first","12":"instock","13":"shipping-taxable","14":"product-type-variable"},"_links":{"self":[{"href":"https:\/\/totdecasa.fr\/index.php\/wp-json\/wp\/v2\/product\/209660","targetHints":{"allow":["GET"]}}],"collection":[{"href":"https:\/\/totdecasa.fr\/index.php\/wp-json\/wp\/v2\/product"}],"about":[{"href":"https:\/\/totdecasa.fr\/index.php\/wp-json\/wp\/v2\/types\/product"}],"replies":[{"embeddable":true,"href":"https:\/\/totdecasa.fr\/index.php\/wp-json\/wp\/v2\/comments?post=209660"}],"wp:featuredmedia":[{"embeddable":true,"href":"https:\/\/totdecasa.fr\/index.php\/wp-json\/wp\/v2\/media\/206703"}],"wp:attachment":[{"href":"https:\/\/totdecasa.fr\/index.php\/wp-json\/wp\/v2\/media?parent=209660"}],"wp:term":[{"taxonomy":"product_brand","embeddable":true,"href":"https:\/\/totdecasa.fr\/index.php\/wp-json\/wp\/v2\/product_brand?post=209660"},{"taxonomy":"product_cat","embeddable":true,"href":"https:\/\/totdecasa.fr\/index.php\/wp-json\/wp\/v2\/product_cat?post=209660"},{"taxonomy":"product_tag","embeddable":true,"href":"https:\/\/totdecasa.fr\/index.php\/wp-json\/wp\/v2\/product_tag?post=209660"}],"curies":[{"name":"wp","href":"https:\/\/api.w.org\/{rel}","templated":true}]}}