{"id":209650,"date":"2020-09-22T11:34:42","date_gmt":"2020-09-22T09:34:42","guid":{"rendered":"http:\/\/totdecasa.fr\/?post_type=product&#038;p=209650"},"modified":"2024-12-11T02:08:30","modified_gmt":"2024-12-11T01:08:30","slug":"biere-bearn-pale-ale-la-ruze","status":"publish","type":"product","link":"https:\/\/totdecasa.fr\/index.php\/produit\/biere-bearn-pale-ale-la-ruze\/","title":{"rendered":"Bi\u00e8re B\u00e9arn Pale Ale &#8211; La Ruze"},"content":{"rendered":"<p>Bi\u00e8re paysanne &#8211; B\u00e9arn Pale Ale<\/p>\n<p>Cette bi\u00e8re rafra\u00eechissante, \u00e0 la robe blonde, est le fruit du m\u00e9lange de deux types de malt. Les saveurs de c\u00e9r\u00e9ales se m\u00ealent aux caract\u00e9ristiques fruit\u00e9es des houblons, qui laissent en fin de bouche une certaine amertume caract\u00e9ristique des pales ales anglo-saxonnes.<\/p>\n<p>Naturellement troubl\u00e9e, cette bi\u00e8re n&rsquo;est ni filtr\u00e9e, ni pasteuris\u00e9e.<\/p>\n<p>33cl ou 75cl &#8211; 5,5% VOL.<\/p>\n<p>Ingr\u00e9dients : eau, <strong>malt d&rsquo;orge<\/strong>*, houblons*, sucre*, levures<\/p>\n<p>* issus de l&rsquo;Agriculture Biologique \/ <strong>contient du gluten<\/strong> \/ orge cultiv\u00e9e sur la ferme.<\/p>\n<p>Produits certifi\u00e9 Agriculture Biologique FR-BIO-01<\/p>\n<p><em>L\u2019abus d\u2019alcool est dangereux pour la sant\u00e9.<\/em><\/p>\n","protected":false},"excerpt":{"rendered":"<p>Bi\u00e8re paysanne &#8211; B\u00e9arn Pale Ale Cette bi\u00e8re rafra\u00eechissante, \u00e0 la robe blonde, est le fruit du m\u00e9lange de deux types de malt. Les saveurs de c\u00e9r\u00e9ales se m\u00ealent aux caract\u00e9ristiques fruit\u00e9es des houblons, qui laissent en fin de bouche une certaine amertume caract\u00e9ristique des pales ales anglo-saxonnes. Naturellement troubl\u00e9e, cette bi\u00e8re n&rsquo;est ni filtr\u00e9e, [&hellip;]<\/p>\n","protected":false},"featured_media":209653,"comment_status":"open","ping_status":"closed","template":"","meta":{"_et_pb_use_builder":"","_et_pb_old_content":"","_et_gb_content_width":""},"product_brand":[],"product_cat":[60,25,171],"product_tag":[172,165],"class_list":{"0":"post-209650","1":"product","2":"type-product","3":"status-publish","4":"has-post-thumbnail","6":"product_cat-bieres","7":"product_cat-boissons","8":"product_cat-la-ruze","9":"product_tag-la-ruze-bournos","10":"product_tag-produit-certifie-agriculture-biologique","12":"first","13":"instock","14":"shipping-taxable","15":"product-type-variable"},"_links":{"self":[{"href":"https:\/\/totdecasa.fr\/index.php\/wp-json\/wp\/v2\/product\/209650","targetHints":{"allow":["GET"]}}],"collection":[{"href":"https:\/\/totdecasa.fr\/index.php\/wp-json\/wp\/v2\/product"}],"about":[{"href":"https:\/\/totdecasa.fr\/index.php\/wp-json\/wp\/v2\/types\/product"}],"replies":[{"embeddable":true,"href":"https:\/\/totdecasa.fr\/index.php\/wp-json\/wp\/v2\/comments?post=209650"}],"wp:featuredmedia":[{"embeddable":true,"href":"https:\/\/totdecasa.fr\/index.php\/wp-json\/wp\/v2\/media\/209653"}],"wp:attachment":[{"href":"https:\/\/totdecasa.fr\/index.php\/wp-json\/wp\/v2\/media?parent=209650"}],"wp:term":[{"taxonomy":"product_brand","embeddable":true,"href":"https:\/\/totdecasa.fr\/index.php\/wp-json\/wp\/v2\/product_brand?post=209650"},{"taxonomy":"product_cat","embeddable":true,"href":"https:\/\/totdecasa.fr\/index.php\/wp-json\/wp\/v2\/product_cat?post=209650"},{"taxonomy":"product_tag","embeddable":true,"href":"https:\/\/totdecasa.fr\/index.php\/wp-json\/wp\/v2\/product_tag?post=209650"}],"curies":[{"name":"wp","href":"https:\/\/api.w.org\/{rel}","templated":true}]}}