{"id":209647,"date":"2020-09-22T11:40:57","date_gmt":"2020-09-22T09:40:57","guid":{"rendered":"http:\/\/totdecasa.fr\/?post_type=product&#038;p=209647"},"modified":"2022-09-16T00:35:24","modified_gmt":"2022-09-15T22:35:24","slug":"biere-blonde-la-ruze","status":"publish","type":"product","link":"https:\/\/totdecasa.fr\/index.php\/produit\/biere-blonde-la-ruze\/","title":{"rendered":"Bi\u00e8re Blonde &#8211; La Ruze"},"content":{"rendered":"<p>Bi\u00e8re paysanne &#8211; Blonde<\/p>\n<p>La Ruze Blonde est une bi\u00e8re de fermentation haute, on la reconna\u00eet par son amertume tr\u00e8s l\u00e9g\u00e8re, sa mousse onctueuse et ses fines bulles. Parfaite pour se d\u00e9salt\u00e9rer, tr\u00e8s facile \u00e0 boire, son go\u00fbt de c\u00e9r\u00e9ale accentue sa douceur. Elle ravira les connaisseurs comme les n\u00e9ophytes.<\/p>\n<p>Naturellement troubl\u00e9e, cette bi\u00e8re n&rsquo;est ni filtr\u00e9e, ni pasteuris\u00e9e.<\/p>\n<p>33cl ou 75cl &#8211; 5,5% VOL.<\/p>\n<p>Ingr\u00e9dients : eau, <strong>malt d&rsquo;orge<\/strong>*, <strong>malt de bl\u00e9<\/strong>*, houblons*, sucre*, levures<\/p>\n<p>* issus de l&rsquo;Agriculture Biologique \/ <strong>contient du gluten<\/strong> \/ orge cultiv\u00e9e sur la ferme.<\/p>\n<p>Produits certifi\u00e9 Agriculture Biologique FR-BIO-01<\/p>\n<p><em>L\u2019abus d\u2019alcool est dangereux pour la sant\u00e9.<\/em><\/p>\n","protected":false},"excerpt":{"rendered":"<p>Bi\u00e8re paysanne &#8211; Blonde La Ruze Blonde est une bi\u00e8re de fermentation haute, on la reconna\u00eet par son amertume tr\u00e8s l\u00e9g\u00e8re, sa mousse onctueuse et ses fines bulles. Parfaite pour se d\u00e9salt\u00e9rer, tr\u00e8s facile \u00e0 boire, son go\u00fbt de c\u00e9r\u00e9ale accentue sa douceur. Elle ravira les connaisseurs comme les n\u00e9ophytes. Naturellement troubl\u00e9e, cette bi\u00e8re n&rsquo;est [&hellip;]<\/p>\n","protected":false},"featured_media":209658,"comment_status":"open","ping_status":"closed","template":"","meta":{"_et_pb_use_builder":"","_et_pb_old_content":"","_et_gb_content_width":""},"product_brand":[],"product_cat":[60,25,171],"product_tag":[172,165],"class_list":{"0":"post-209647","1":"product","2":"type-product","3":"status-publish","4":"has-post-thumbnail","6":"product_cat-bieres","7":"product_cat-boissons","8":"product_cat-la-ruze","9":"product_tag-la-ruze-bournos","10":"product_tag-produit-certifie-agriculture-biologique","12":"first","13":"instock","14":"shipping-taxable","15":"product-type-variable"},"_links":{"self":[{"href":"https:\/\/totdecasa.fr\/index.php\/wp-json\/wp\/v2\/product\/209647","targetHints":{"allow":["GET"]}}],"collection":[{"href":"https:\/\/totdecasa.fr\/index.php\/wp-json\/wp\/v2\/product"}],"about":[{"href":"https:\/\/totdecasa.fr\/index.php\/wp-json\/wp\/v2\/types\/product"}],"replies":[{"embeddable":true,"href":"https:\/\/totdecasa.fr\/index.php\/wp-json\/wp\/v2\/comments?post=209647"}],"wp:featuredmedia":[{"embeddable":true,"href":"https:\/\/totdecasa.fr\/index.php\/wp-json\/wp\/v2\/media\/209658"}],"wp:attachment":[{"href":"https:\/\/totdecasa.fr\/index.php\/wp-json\/wp\/v2\/media?parent=209647"}],"wp:term":[{"taxonomy":"product_brand","embeddable":true,"href":"https:\/\/totdecasa.fr\/index.php\/wp-json\/wp\/v2\/product_brand?post=209647"},{"taxonomy":"product_cat","embeddable":true,"href":"https:\/\/totdecasa.fr\/index.php\/wp-json\/wp\/v2\/product_cat?post=209647"},{"taxonomy":"product_tag","embeddable":true,"href":"https:\/\/totdecasa.fr\/index.php\/wp-json\/wp\/v2\/product_tag?post=209647"}],"curies":[{"name":"wp","href":"https:\/\/api.w.org\/{rel}","templated":true}]}}