{"id":209644,"date":"2020-09-22T11:41:34","date_gmt":"2020-09-22T09:41:34","guid":{"rendered":"http:\/\/totdecasa.fr\/?post_type=product&#038;p=209644"},"modified":"2021-02-19T11:37:48","modified_gmt":"2021-02-19T10:37:48","slug":"biere-rousse-la-ruze","status":"publish","type":"product","link":"https:\/\/totdecasa.fr\/index.php\/produit\/biere-rousse-la-ruze\/","title":{"rendered":"Bi\u00e8re Rousse &#8211; La Ruze"},"content":{"rendered":"<p>Bi\u00e8re paysanne &#8211; Rousse<\/p>\n<p>Cette bi\u00e8re \u00e0 la robe rouge-orang\u00e9e est le fruit d&rsquo;un savant m\u00e9lange de quatre malts.Les malts torr\u00e9fi\u00e9s apportent une saveur de caramel et de pain grill\u00e9. Cette alchimie permet de cr\u00e9er un \u00e9quilibre avec la l\u00e9g\u00e8re amertume des houblons, caract\u00e9ristique des red ales irlandaises.<\/p>\n<p>Naturellement troubl\u00e9e, cette bi\u00e8re n&rsquo;est ni filtr\u00e9e, ni pasteuris\u00e9e.<\/p>\n<p>33cl ou 75cl &#8211; 5,5% VOL.<\/p>\n<p>Ingr\u00e9dients : eau, <strong>malt d&rsquo;orge<\/strong>*, houblons*, sucre*, levures<\/p>\n<p>* issus de l&rsquo;Agriculture Biologique \/ <strong>contient du gluten<\/strong> \/ orge cultiv\u00e9e sur la ferme.<\/p>\n<p>Produits certifi\u00e9 Agriculture Biologique FR-BIO-01<\/p>\n<p><em>L\u2019abus d\u2019alcool est dangereux pour la sant\u00e9.<\/em><\/p>\n","protected":false},"excerpt":{"rendered":"<p>Bi\u00e8re paysanne &#8211; Rousse Cette bi\u00e8re \u00e0 la robe rouge-orang\u00e9e est le fruit d&rsquo;un savant m\u00e9lange de quatre malts.Les malts torr\u00e9fi\u00e9s apportent une saveur de caramel et de pain grill\u00e9. Cette alchimie permet de cr\u00e9er un \u00e9quilibre avec la l\u00e9g\u00e8re amertume des houblons, caract\u00e9ristique des red ales irlandaises. Naturellement troubl\u00e9e, cette bi\u00e8re n&rsquo;est ni filtr\u00e9e, [&hellip;]<\/p>\n","protected":false},"featured_media":209659,"comment_status":"open","ping_status":"closed","template":"","meta":{"_et_pb_use_builder":"","_et_pb_old_content":"","_et_gb_content_width":""},"product_brand":[],"product_cat":[60,25,171],"product_tag":[172,165],"class_list":{"0":"post-209644","1":"product","2":"type-product","3":"status-publish","4":"has-post-thumbnail","6":"product_cat-bieres","7":"product_cat-boissons","8":"product_cat-la-ruze","9":"product_tag-la-ruze-bournos","10":"product_tag-produit-certifie-agriculture-biologique","12":"first","13":"instock","14":"shipping-taxable","15":"product-type-variable"},"_links":{"self":[{"href":"https:\/\/totdecasa.fr\/index.php\/wp-json\/wp\/v2\/product\/209644","targetHints":{"allow":["GET"]}}],"collection":[{"href":"https:\/\/totdecasa.fr\/index.php\/wp-json\/wp\/v2\/product"}],"about":[{"href":"https:\/\/totdecasa.fr\/index.php\/wp-json\/wp\/v2\/types\/product"}],"replies":[{"embeddable":true,"href":"https:\/\/totdecasa.fr\/index.php\/wp-json\/wp\/v2\/comments?post=209644"}],"wp:featuredmedia":[{"embeddable":true,"href":"https:\/\/totdecasa.fr\/index.php\/wp-json\/wp\/v2\/media\/209659"}],"wp:attachment":[{"href":"https:\/\/totdecasa.fr\/index.php\/wp-json\/wp\/v2\/media?parent=209644"}],"wp:term":[{"taxonomy":"product_brand","embeddable":true,"href":"https:\/\/totdecasa.fr\/index.php\/wp-json\/wp\/v2\/product_brand?post=209644"},{"taxonomy":"product_cat","embeddable":true,"href":"https:\/\/totdecasa.fr\/index.php\/wp-json\/wp\/v2\/product_cat?post=209644"},{"taxonomy":"product_tag","embeddable":true,"href":"https:\/\/totdecasa.fr\/index.php\/wp-json\/wp\/v2\/product_tag?post=209644"}],"curies":[{"name":"wp","href":"https:\/\/api.w.org\/{rel}","templated":true}]}}