{"id":209632,"date":"2020-09-22T17:45:46","date_gmt":"2020-09-22T15:45:46","guid":{"rendered":"http:\/\/totdecasa.fr\/?post_type=product&#038;p=209632"},"modified":"2020-09-22T17:45:46","modified_gmt":"2020-09-22T15:45:46","slug":"yaourt-nature-de-vache-2","status":"publish","type":"product","link":"https:\/\/totdecasa.fr\/index.php\/produit\/yaourt-nature-de-vache-2\/","title":{"rendered":"Yaourt nature de vache"},"content":{"rendered":"<div class=\"et_pb_column et_pb_column_4_4 et_pb_column_3 et_pb_css_mix_blend_mode_passthrough et-last-child\">\n<div class=\"et_pb_woopro_description et_pb_module et_pb_woopro_description_0\">\n<p>Yaourt nature de vache.<\/p>\n<p>Ingr\u00e9dients : lait entier pasteuris\u00e9, ferments.<\/p>\n<p>Ferme en conversion Agriculture Biologique.<\/p>\n<p><em><strong>Le pot en verre est consign\u00e9 :<\/strong> nous vous remboursons 0,20\u20ac lorsque vous nous le rapportez au magasin !<\/em><\/p>\n<\/div>\n<\/div>\n","protected":false},"excerpt":{"rendered":"<p>Yaourt nature de vache. Ingr\u00e9dients : lait entier pasteuris\u00e9, ferments. Ferme en conversion Agriculture Biologique. Le pot en verre est consign\u00e9 : nous vous remboursons 0,20\u20ac lorsque vous nous le rapportez au magasin !<\/p>\n","protected":false},"featured_media":209670,"comment_status":"open","ping_status":"closed","template":"","meta":{"_et_pb_use_builder":"","_et_pb_old_content":"","_et_gb_content_width":""},"product_brand":[],"product_cat":[169,20,62],"product_tag":[170],"class_list":{"0":"post-209632","1":"product","2":"type-product","3":"status-publish","4":"has-post-thumbnail","6":"product_cat-leit-de-brunas","7":"product_cat-oeufs-et-produits-laitiers","8":"product_cat-yaourts-fromages-blancs","9":"product_tag-leit-de-brunas-lys","11":"first","12":"instock","13":"shipping-taxable","14":"product-type-simple"},"_links":{"self":[{"href":"https:\/\/totdecasa.fr\/index.php\/wp-json\/wp\/v2\/product\/209632","targetHints":{"allow":["GET"]}}],"collection":[{"href":"https:\/\/totdecasa.fr\/index.php\/wp-json\/wp\/v2\/product"}],"about":[{"href":"https:\/\/totdecasa.fr\/index.php\/wp-json\/wp\/v2\/types\/product"}],"replies":[{"embeddable":true,"href":"https:\/\/totdecasa.fr\/index.php\/wp-json\/wp\/v2\/comments?post=209632"}],"wp:featuredmedia":[{"embeddable":true,"href":"https:\/\/totdecasa.fr\/index.php\/wp-json\/wp\/v2\/media\/209670"}],"wp:attachment":[{"href":"https:\/\/totdecasa.fr\/index.php\/wp-json\/wp\/v2\/media?parent=209632"}],"wp:term":[{"taxonomy":"product_brand","embeddable":true,"href":"https:\/\/totdecasa.fr\/index.php\/wp-json\/wp\/v2\/product_brand?post=209632"},{"taxonomy":"product_cat","embeddable":true,"href":"https:\/\/totdecasa.fr\/index.php\/wp-json\/wp\/v2\/product_cat?post=209632"},{"taxonomy":"product_tag","embeddable":true,"href":"https:\/\/totdecasa.fr\/index.php\/wp-json\/wp\/v2\/product_tag?post=209632"}],"curies":[{"name":"wp","href":"https:\/\/api.w.org\/{rel}","templated":true}]}}