{"id":209512,"date":"2020-07-24T17:06:32","date_gmt":"2020-07-24T15:06:32","guid":{"rendered":"http:\/\/totdecasa.fr\/?post_type=product&#038;p=209512"},"modified":"2021-04-29T17:13:22","modified_gmt":"2021-04-29T15:13:22","slug":"carameeel","status":"publish","type":"product","link":"https:\/\/totdecasa.fr\/index.php\/produit\/carameeel\/","title":{"rendered":"Caram\u00ea\u00ea\u00eal"},"content":{"rendered":"<p>Ouuh la gourmandise : un caramel au lait de brebis, cr\u00e9meux \u00e0 souhait, \u00e0 d\u00e9vorer \u00e0 la petite cuill\u00e8re !<\/p>\n<p>Ingr\u00e9dients : lait de brebis, sucre (70%), sel de Salies.<\/p>\n<p>Poids net : 130g<\/p>\n","protected":false},"excerpt":{"rendered":"<p>Ouuh la gourmandise : un caramel au lait de brebis, cr\u00e9meux \u00e0 souhait, \u00e0 d\u00e9vorer \u00e0 la petite cuill\u00e8re ! Ingr\u00e9dients : lait de brebis, sucre (70%), sel de Salies. Poids net : 130g<\/p>\n","protected":false},"featured_media":209513,"comment_status":"open","ping_status":"closed","template":"","meta":{"_et_pb_use_builder":"","_et_pb_old_content":"","_et_gb_content_width":""},"product_brand":[],"product_cat":[164,24,101],"product_tag":[138],"class_list":{"0":"post-209512","1":"product","2":"type-product","3":"status-publish","4":"has-post-thumbnail","6":"product_cat-douceurs-sucrees","7":"product_cat-epicerie-sucree","8":"product_cat-gaec-de-laouda","9":"product_tag-gaec-de-laouda-bedous","11":"first","12":"instock","13":"shipping-taxable","14":"product-type-simple"},"_links":{"self":[{"href":"https:\/\/totdecasa.fr\/index.php\/wp-json\/wp\/v2\/product\/209512","targetHints":{"allow":["GET"]}}],"collection":[{"href":"https:\/\/totdecasa.fr\/index.php\/wp-json\/wp\/v2\/product"}],"about":[{"href":"https:\/\/totdecasa.fr\/index.php\/wp-json\/wp\/v2\/types\/product"}],"replies":[{"embeddable":true,"href":"https:\/\/totdecasa.fr\/index.php\/wp-json\/wp\/v2\/comments?post=209512"}],"wp:featuredmedia":[{"embeddable":true,"href":"https:\/\/totdecasa.fr\/index.php\/wp-json\/wp\/v2\/media\/209513"}],"wp:attachment":[{"href":"https:\/\/totdecasa.fr\/index.php\/wp-json\/wp\/v2\/media?parent=209512"}],"wp:term":[{"taxonomy":"product_brand","embeddable":true,"href":"https:\/\/totdecasa.fr\/index.php\/wp-json\/wp\/v2\/product_brand?post=209512"},{"taxonomy":"product_cat","embeddable":true,"href":"https:\/\/totdecasa.fr\/index.php\/wp-json\/wp\/v2\/product_cat?post=209512"},{"taxonomy":"product_tag","embeddable":true,"href":"https:\/\/totdecasa.fr\/index.php\/wp-json\/wp\/v2\/product_tag?post=209512"}],"curies":[{"name":"wp","href":"https:\/\/api.w.org\/{rel}","templated":true}]}}