{"id":208939,"date":"2020-06-04T12:11:33","date_gmt":"2020-06-04T10:11:33","guid":{"rendered":"http:\/\/totdecasa.fr\/?post_type=product&#038;p=208939"},"modified":"2021-01-29T11:15:59","modified_gmt":"2021-01-29T10:15:59","slug":"confointure","status":"publish","type":"product","link":"https:\/\/totdecasa.fr\/index.php\/produit\/confointure\/","title":{"rendered":"Confointure"},"content":{"rendered":"<div class=\"et_pb_column et_pb_column_4_4 et_pb_column_2  et_pb_css_mix_blend_mode_passthrough et-last-child\">\n<div class=\"et_pb_woopro_description et_pb_module  et_pb_woopro_description_0\">\n<p>Vous connaissez la confiture de lait ? D\u00e9couvrez la <em>confointure<\/em> : une d\u00e9licieuse confiture de lait de brebis infus\u00e9e au foin des pr\u00e9s Aspois !<\/p>\n<p>Ingr\u00e9dients : lait de brebis, sucre (60%).<\/p>\n<p>Poids net : 330g<\/p>\n<\/div>\n<\/div>\n","protected":false},"excerpt":{"rendered":"<p>Vous connaissez la confiture de lait ? D\u00e9couvrez la confointure : une d\u00e9licieuse confiture de lait de brebis infus\u00e9e au foin des pr\u00e9s Aspois ! Ingr\u00e9dients : lait de brebis, sucre (60%). Poids net : 330g<\/p>\n","protected":false},"featured_media":208919,"comment_status":"open","ping_status":"closed","template":"","meta":{"_et_pb_use_builder":"","_et_pb_old_content":"","_et_gb_content_width":""},"product_brand":[],"product_cat":[44,24,101],"product_tag":[138],"class_list":{"0":"post-208939","1":"product","2":"type-product","3":"status-publish","4":"has-post-thumbnail","6":"product_cat-coulis-confitures-gelees","7":"product_cat-epicerie-sucree","8":"product_cat-gaec-de-laouda","9":"product_tag-gaec-de-laouda-bedous","11":"first","12":"instock","13":"shipping-taxable","14":"product-type-simple"},"_links":{"self":[{"href":"https:\/\/totdecasa.fr\/index.php\/wp-json\/wp\/v2\/product\/208939","targetHints":{"allow":["GET"]}}],"collection":[{"href":"https:\/\/totdecasa.fr\/index.php\/wp-json\/wp\/v2\/product"}],"about":[{"href":"https:\/\/totdecasa.fr\/index.php\/wp-json\/wp\/v2\/types\/product"}],"replies":[{"embeddable":true,"href":"https:\/\/totdecasa.fr\/index.php\/wp-json\/wp\/v2\/comments?post=208939"}],"wp:featuredmedia":[{"embeddable":true,"href":"https:\/\/totdecasa.fr\/index.php\/wp-json\/wp\/v2\/media\/208919"}],"wp:attachment":[{"href":"https:\/\/totdecasa.fr\/index.php\/wp-json\/wp\/v2\/media?parent=208939"}],"wp:term":[{"taxonomy":"product_brand","embeddable":true,"href":"https:\/\/totdecasa.fr\/index.php\/wp-json\/wp\/v2\/product_brand?post=208939"},{"taxonomy":"product_cat","embeddable":true,"href":"https:\/\/totdecasa.fr\/index.php\/wp-json\/wp\/v2\/product_cat?post=208939"},{"taxonomy":"product_tag","embeddable":true,"href":"https:\/\/totdecasa.fr\/index.php\/wp-json\/wp\/v2\/product_tag?post=208939"}],"curies":[{"name":"wp","href":"https:\/\/api.w.org\/{rel}","templated":true}]}}