{"id":208938,"date":"2020-06-04T12:07:35","date_gmt":"2020-06-04T10:07:35","guid":{"rendered":"http:\/\/totdecasa.fr\/?post_type=product&#038;p=208938"},"modified":"2021-04-02T17:28:53","modified_gmt":"2021-04-02T15:28:53","slug":"confiture-de-lait-de-brebis","status":"publish","type":"product","link":"https:\/\/totdecasa.fr\/index.php\/produit\/confiture-de-lait-de-brebis\/","title":{"rendered":"Confiture de lait de brebis"},"content":{"rendered":"<p>Oh que c&rsquo;est gourmand : une confiture de lait de brebis cr\u00e9meuse \u00e0 tartiner ou \u00e0 manger \u00e0 la cuill\u00e8re !<\/p>\n<p>Ingr\u00e9dients : lait de brebis, sucre (60%).<\/p>\n<p>Poids net : 330g<\/p>\n","protected":false},"excerpt":{"rendered":"<p>Oh que c&rsquo;est gourmand : une confiture de lait de brebis cr\u00e9meuse \u00e0 tartiner ou \u00e0 manger \u00e0 la cuill\u00e8re ! Ingr\u00e9dients : lait de brebis, sucre (60%). Poids net : 330g<\/p>\n","protected":false},"featured_media":208918,"comment_status":"open","ping_status":"closed","template":"","meta":{"_et_pb_use_builder":"","_et_pb_old_content":"","_et_gb_content_width":""},"product_brand":[],"product_cat":[44,24,101],"product_tag":[138],"class_list":{"0":"post-208938","1":"product","2":"type-product","3":"status-publish","4":"has-post-thumbnail","6":"product_cat-coulis-confitures-gelees","7":"product_cat-epicerie-sucree","8":"product_cat-gaec-de-laouda","9":"product_tag-gaec-de-laouda-bedous","11":"first","12":"instock","13":"shipping-taxable","14":"product-type-simple"},"_links":{"self":[{"href":"https:\/\/totdecasa.fr\/index.php\/wp-json\/wp\/v2\/product\/208938","targetHints":{"allow":["GET"]}}],"collection":[{"href":"https:\/\/totdecasa.fr\/index.php\/wp-json\/wp\/v2\/product"}],"about":[{"href":"https:\/\/totdecasa.fr\/index.php\/wp-json\/wp\/v2\/types\/product"}],"replies":[{"embeddable":true,"href":"https:\/\/totdecasa.fr\/index.php\/wp-json\/wp\/v2\/comments?post=208938"}],"wp:featuredmedia":[{"embeddable":true,"href":"https:\/\/totdecasa.fr\/index.php\/wp-json\/wp\/v2\/media\/208918"}],"wp:attachment":[{"href":"https:\/\/totdecasa.fr\/index.php\/wp-json\/wp\/v2\/media?parent=208938"}],"wp:term":[{"taxonomy":"product_brand","embeddable":true,"href":"https:\/\/totdecasa.fr\/index.php\/wp-json\/wp\/v2\/product_brand?post=208938"},{"taxonomy":"product_cat","embeddable":true,"href":"https:\/\/totdecasa.fr\/index.php\/wp-json\/wp\/v2\/product_cat?post=208938"},{"taxonomy":"product_tag","embeddable":true,"href":"https:\/\/totdecasa.fr\/index.php\/wp-json\/wp\/v2\/product_tag?post=208938"}],"curies":[{"name":"wp","href":"https:\/\/api.w.org\/{rel}","templated":true}]}}