{"id":208900,"date":"2020-06-03T17:43:26","date_gmt":"2020-06-03T15:43:26","guid":{"rendered":"http:\/\/totdecasa.fr\/?post_type=product&#038;p=208900"},"modified":"2024-04-19T15:11:38","modified_gmt":"2024-04-19T13:11:38","slug":"extrait-de-propolis","status":"publish","type":"product","link":"https:\/\/totdecasa.fr\/index.php\/produit\/extrait-de-propolis\/","title":{"rendered":"Extrait de propolis"},"content":{"rendered":"<p>Teinture de propolis pr\u00e9par\u00e9e par l&rsquo;apiculteur.<\/p>\n<p>La propolis est un antiseptique naturel, fabriqu\u00e9e, \u00e0 partir de la s\u00e8ve des arbres,par les abeilles, afin de prot\u00e9ger leurs colonies.<\/p>\n<p>Pour une meilleur utilisation, la propolis est dissoute dans de l&rsquo;alcool ; on obtient alors une <em>teinture m\u00e8re<\/em>.<\/p>\n<p>Fiole avec pipette compte-goutte.<\/p>\n<p>Volume net : 20ml &#8211; 60% vol.<\/p>\n","protected":false},"excerpt":{"rendered":"<p>Teinture de propolis pr\u00e9par\u00e9e par l&rsquo;apiculteur. La propolis est un antiseptique naturel, fabriqu\u00e9e, \u00e0 partir de la s\u00e8ve des arbres,par les abeilles, afin de prot\u00e9ger leurs colonies. Pour une meilleur utilisation, la propolis est dissoute dans de l&rsquo;alcool ; on obtient alors une teinture m\u00e8re. Fiole avec pipette compte-goutte. Volume net : 20ml &#8211; 60% [&hellip;]<\/p>\n","protected":false},"featured_media":208927,"comment_status":"open","ping_status":"closed","template":"","meta":{"_et_pb_use_builder":"","_et_pb_old_content":"","_et_gb_content_width":""},"product_brand":[],"product_cat":[26,127,43],"product_tag":[158],"class_list":{"0":"post-208900","1":"product","2":"type-product","3":"status-publish","4":"has-post-thumbnail","6":"product_cat-bien-etre","7":"product_cat-familha-masseillou","8":"product_cat-miel-et-produit-de-la-ruche","9":"product_tag-familha-masseillou-lescar","11":"first","12":"instock","13":"shipping-taxable","14":"product-type-simple"},"_links":{"self":[{"href":"https:\/\/totdecasa.fr\/index.php\/wp-json\/wp\/v2\/product\/208900","targetHints":{"allow":["GET"]}}],"collection":[{"href":"https:\/\/totdecasa.fr\/index.php\/wp-json\/wp\/v2\/product"}],"about":[{"href":"https:\/\/totdecasa.fr\/index.php\/wp-json\/wp\/v2\/types\/product"}],"replies":[{"embeddable":true,"href":"https:\/\/totdecasa.fr\/index.php\/wp-json\/wp\/v2\/comments?post=208900"}],"wp:featuredmedia":[{"embeddable":true,"href":"https:\/\/totdecasa.fr\/index.php\/wp-json\/wp\/v2\/media\/208927"}],"wp:attachment":[{"href":"https:\/\/totdecasa.fr\/index.php\/wp-json\/wp\/v2\/media?parent=208900"}],"wp:term":[{"taxonomy":"product_brand","embeddable":true,"href":"https:\/\/totdecasa.fr\/index.php\/wp-json\/wp\/v2\/product_brand?post=208900"},{"taxonomy":"product_cat","embeddable":true,"href":"https:\/\/totdecasa.fr\/index.php\/wp-json\/wp\/v2\/product_cat?post=208900"},{"taxonomy":"product_tag","embeddable":true,"href":"https:\/\/totdecasa.fr\/index.php\/wp-json\/wp\/v2\/product_tag?post=208900"}],"curies":[{"name":"wp","href":"https:\/\/api.w.org\/{rel}","templated":true}]}}