{"id":208898,"date":"2020-06-03T17:40:11","date_gmt":"2020-06-03T15:40:11","guid":{"rendered":"http:\/\/totdecasa.fr\/?post_type=product&#038;p=208898"},"modified":"2020-06-04T12:21:45","modified_gmt":"2020-06-04T10:21:45","slug":"pain-depice-au-miel","status":"publish","type":"product","link":"https:\/\/totdecasa.fr\/index.php\/produit\/pain-depice-au-miel\/","title":{"rendered":"Pain d&rsquo;\u00e9pice au miel"},"content":{"rendered":"<p>Pain d&rsquo;\u00e9pice pr\u00e9par\u00e9 avec le miel de l&rsquo;apiculteur, d\u00e9licieusement moelleux et pas trop \u00e9pic\u00e9.<\/p>\n<p>Ingr\u00e9dients : <strong>farine de bl\u00e9<\/strong>*, miel du producteur, <strong>lait<\/strong>*, sucre*, beurre*, \u00e9pices*, poudre \u00e0 lever (bicarbonate de sodium).<\/p>\n<p>* ingr\u00e9dients issus de l&rsquo;agriculture biologique<\/p>\n<p>Poids net : 330g<\/p>\n","protected":false},"excerpt":{"rendered":"<p>Pain d&rsquo;\u00e9pice pr\u00e9par\u00e9 avec le miel de l&rsquo;apiculteur, d\u00e9licieusement moelleux et pas trop \u00e9pic\u00e9. Ingr\u00e9dients : farine de bl\u00e9*, miel du producteur, lait*, sucre*, beurre*, \u00e9pices*, poudre \u00e0 lever (bicarbonate de sodium). * ingr\u00e9dients issus de l&rsquo;agriculture biologique Poids net : 330g<\/p>\n","protected":false},"featured_media":208925,"comment_status":"open","ping_status":"closed","template":"","meta":{"_et_pb_use_builder":"","_et_pb_old_content":"","_et_gb_content_width":""},"product_brand":[],"product_cat":[164,24,127,43],"product_tag":[158],"class_list":{"0":"post-208898","1":"product","2":"type-product","3":"status-publish","4":"has-post-thumbnail","6":"product_cat-douceurs-sucrees","7":"product_cat-epicerie-sucree","8":"product_cat-familha-masseillou","9":"product_cat-miel-et-produit-de-la-ruche","10":"product_tag-familha-masseillou-lescar","12":"first","13":"instock","14":"shipping-taxable","15":"product-type-simple"},"_links":{"self":[{"href":"https:\/\/totdecasa.fr\/index.php\/wp-json\/wp\/v2\/product\/208898","targetHints":{"allow":["GET"]}}],"collection":[{"href":"https:\/\/totdecasa.fr\/index.php\/wp-json\/wp\/v2\/product"}],"about":[{"href":"https:\/\/totdecasa.fr\/index.php\/wp-json\/wp\/v2\/types\/product"}],"replies":[{"embeddable":true,"href":"https:\/\/totdecasa.fr\/index.php\/wp-json\/wp\/v2\/comments?post=208898"}],"wp:featuredmedia":[{"embeddable":true,"href":"https:\/\/totdecasa.fr\/index.php\/wp-json\/wp\/v2\/media\/208925"}],"wp:attachment":[{"href":"https:\/\/totdecasa.fr\/index.php\/wp-json\/wp\/v2\/media?parent=208898"}],"wp:term":[{"taxonomy":"product_brand","embeddable":true,"href":"https:\/\/totdecasa.fr\/index.php\/wp-json\/wp\/v2\/product_brand?post=208898"},{"taxonomy":"product_cat","embeddable":true,"href":"https:\/\/totdecasa.fr\/index.php\/wp-json\/wp\/v2\/product_cat?post=208898"},{"taxonomy":"product_tag","embeddable":true,"href":"https:\/\/totdecasa.fr\/index.php\/wp-json\/wp\/v2\/product_tag?post=208898"}],"curies":[{"name":"wp","href":"https:\/\/api.w.org\/{rel}","templated":true}]}}