{"id":208885,"date":"2020-06-03T16:49:54","date_gmt":"2020-06-03T14:49:54","guid":{"rendered":"http:\/\/totdecasa.fr\/?post_type=product&#038;p=208885"},"modified":"2020-06-04T17:08:49","modified_gmt":"2020-06-04T15:08:49","slug":"pain-a-hamburger","status":"publish","type":"product","link":"https:\/\/totdecasa.fr\/index.php\/produit\/pain-a-hamburger\/","title":{"rendered":"Pain \u00e0 hamburger"},"content":{"rendered":"<p>Petits pain ronds, id\u00e9als pour vos hamburgers maison !<\/p>\n<p>Le bl\u00e9, certifi\u00e9 Agriculture Biologique, est produit \u00e0 la ferme et moulu sur meule de pierre.<\/p>\n","protected":false},"excerpt":{"rendered":"<p>Petits pain ronds, id\u00e9als pour vos hamburgers maison ! Le bl\u00e9, certifi\u00e9 Agriculture Biologique, est produit \u00e0 la ferme et moulu sur meule de pierre.<\/p>\n","protected":false},"featured_media":208945,"comment_status":"open","ping_status":"closed","template":"","meta":{"_et_pb_use_builder":"","_et_pb_old_content":"","_et_gb_content_width":""},"product_brand":[],"product_cat":[104,21],"product_tag":[149],"class_list":{"0":"post-208885","1":"product","2":"type-product","3":"status-publish","4":"has-post-thumbnail","6":"product_cat-gaec-pietometi","7":"product_cat-pains-brioches","8":"product_tag-gaec-pietometi-ogeu","10":"first","11":"instock","12":"shipping-taxable","13":"product-type-simple"},"_links":{"self":[{"href":"https:\/\/totdecasa.fr\/index.php\/wp-json\/wp\/v2\/product\/208885","targetHints":{"allow":["GET"]}}],"collection":[{"href":"https:\/\/totdecasa.fr\/index.php\/wp-json\/wp\/v2\/product"}],"about":[{"href":"https:\/\/totdecasa.fr\/index.php\/wp-json\/wp\/v2\/types\/product"}],"replies":[{"embeddable":true,"href":"https:\/\/totdecasa.fr\/index.php\/wp-json\/wp\/v2\/comments?post=208885"}],"wp:featuredmedia":[{"embeddable":true,"href":"https:\/\/totdecasa.fr\/index.php\/wp-json\/wp\/v2\/media\/208945"}],"wp:attachment":[{"href":"https:\/\/totdecasa.fr\/index.php\/wp-json\/wp\/v2\/media?parent=208885"}],"wp:term":[{"taxonomy":"product_brand","embeddable":true,"href":"https:\/\/totdecasa.fr\/index.php\/wp-json\/wp\/v2\/product_brand?post=208885"},{"taxonomy":"product_cat","embeddable":true,"href":"https:\/\/totdecasa.fr\/index.php\/wp-json\/wp\/v2\/product_cat?post=208885"},{"taxonomy":"product_tag","embeddable":true,"href":"https:\/\/totdecasa.fr\/index.php\/wp-json\/wp\/v2\/product_tag?post=208885"}],"curies":[{"name":"wp","href":"https:\/\/api.w.org\/{rel}","templated":true}]}}