{"id":208881,"date":"2020-06-03T16:43:38","date_gmt":"2020-06-03T14:43:38","guid":{"rendered":"http:\/\/totdecasa.fr\/?post_type=product&#038;p=208881"},"modified":"2021-04-29T17:03:06","modified_gmt":"2021-04-29T15:03:06","slug":"tomme-de-chevre-jeune","status":"publish","type":"product","link":"https:\/\/totdecasa.fr\/index.php\/produit\/tomme-de-chevre-jeune\/","title":{"rendered":"Tomme de ch\u00e8vre jeune"},"content":{"rendered":"<p>Ces tommes de ch\u00e8vre sont confectionn\u00e9es \u00e0 Laruns, en Vall\u00e9e d&rsquo;Ossau, d\u00e8s le d\u00e9but du printemps.<\/p>\n<p>Les tommes jeunes (2 \u00e0 3 mois d&rsquo;affinage minimum), sont cr\u00e9meuses et douces, et ne tardent pas \u00e0 r\u00e9v\u00e9ler tous leurs ar\u00f4mes.<\/p>\n<p>&nbsp;<\/p>\n","protected":false},"excerpt":{"rendered":"<p>Ces tommes de ch\u00e8vre sont confectionn\u00e9es \u00e0 Laruns, en Vall\u00e9e d&rsquo;Ossau, d\u00e8s le d\u00e9but du printemps. Les tommes jeunes (2 \u00e0 3 mois d&rsquo;affinage minimum), sont cr\u00e9meuses et douces, et ne tardent pas \u00e0 r\u00e9v\u00e9ler tous leurs ar\u00f4mes. &nbsp;<\/p>\n","protected":false},"featured_media":208373,"comment_status":"open","ping_status":"closed","template":"","meta":{"_et_pb_use_builder":"","_et_pb_old_content":"","_et_gb_content_width":""},"product_brand":[],"product_cat":[87,30,19],"product_tag":[147],"class_list":{"0":"post-208881","1":"product","2":"type-product","3":"status-publish","4":"has-post-thumbnail","6":"product_cat-adeline-cardet","7":"product_cat-chevre","8":"product_cat-fromages","9":"product_tag-adeline-cardet-laruns","11":"first","12":"instock","13":"shipping-taxable","14":"product-type-simple"},"_links":{"self":[{"href":"https:\/\/totdecasa.fr\/index.php\/wp-json\/wp\/v2\/product\/208881","targetHints":{"allow":["GET"]}}],"collection":[{"href":"https:\/\/totdecasa.fr\/index.php\/wp-json\/wp\/v2\/product"}],"about":[{"href":"https:\/\/totdecasa.fr\/index.php\/wp-json\/wp\/v2\/types\/product"}],"replies":[{"embeddable":true,"href":"https:\/\/totdecasa.fr\/index.php\/wp-json\/wp\/v2\/comments?post=208881"}],"wp:featuredmedia":[{"embeddable":true,"href":"https:\/\/totdecasa.fr\/index.php\/wp-json\/wp\/v2\/media\/208373"}],"wp:attachment":[{"href":"https:\/\/totdecasa.fr\/index.php\/wp-json\/wp\/v2\/media?parent=208881"}],"wp:term":[{"taxonomy":"product_brand","embeddable":true,"href":"https:\/\/totdecasa.fr\/index.php\/wp-json\/wp\/v2\/product_brand?post=208881"},{"taxonomy":"product_cat","embeddable":true,"href":"https:\/\/totdecasa.fr\/index.php\/wp-json\/wp\/v2\/product_cat?post=208881"},{"taxonomy":"product_tag","embeddable":true,"href":"https:\/\/totdecasa.fr\/index.php\/wp-json\/wp\/v2\/product_tag?post=208881"}],"curies":[{"name":"wp","href":"https:\/\/api.w.org\/{rel}","templated":true}]}}