{"id":208870,"date":"2020-06-03T15:56:16","date_gmt":"2020-06-03T13:56:16","guid":{"rendered":"http:\/\/totdecasa.fr\/?post_type=product&#038;p=208870"},"modified":"2025-07-30T11:27:20","modified_gmt":"2025-07-30T09:27:20","slug":"tomme-jeune-de-brebis-au-lait-cru-gabaston-sainte-cluque","status":"publish","type":"product","link":"https:\/\/totdecasa.fr\/index.php\/produit\/tomme-jeune-de-brebis-au-lait-cru-gabaston-sainte-cluque\/","title":{"rendered":"Tomme de brebis au lait cru &#8211; Gabaston &#038; Sainte-Cluque"},"content":{"rendered":"<p>La tomme de brebis de chez Dominique et B\u00e9n\u00e9dicte est produite \u00e0 l&rsquo;ancienne : traite \u00e0 la main, lait cru, affinage manuel, pas de ferments ajout\u00e9s&#8230; Tout pour vous garantir un fromage savoureux, digeste et authentique.<\/p>\n<p><strong>La tomme jeune<\/strong> est douce sur la fin de l&rsquo;hiver, mais ne tarde pas \u00e0 d\u00e9couvrir tous ses ar\u00f4mes et son caract\u00e8re.<\/p>\n<p>Ingr\u00e9dients : lait cru de brebis, pr\u00e9sure naturelle, sel<\/p>\n<p>4 mois d&rsquo;affinage minimum.<\/p>\n","protected":false},"excerpt":{"rendered":"<p>La tomme de brebis de chez Dominique et B\u00e9n\u00e9dicte est produite \u00e0 l&rsquo;ancienne : traite \u00e0 la main, lait cru, affinage manuel, pas de ferments ajout\u00e9s&#8230; Tout pour vous garantir un fromage savoureux, digeste et authentique. La tomme jeune est douce sur la fin de l&rsquo;hiver, mais ne tarde pas \u00e0 d\u00e9couvrir tous ses ar\u00f4mes [&hellip;]<\/p>\n","protected":false},"featured_media":208445,"comment_status":"open","ping_status":"closed","template":"","meta":{"_et_pb_use_builder":"","_et_pb_old_content":"","_et_gb_content_width":""},"product_brand":[],"product_cat":[29,83,19],"product_tag":[134],"class_list":{"0":"post-208870","1":"product","2":"type-product","3":"status-publish","4":"has-post-thumbnail","6":"product_cat-brebis","7":"product_cat-gabaston-stecluque","8":"product_cat-fromages","9":"product_tag-dominique-gabaston-benedicte-sainte-cluque-feas","11":"first","12":"instock","13":"shipping-taxable","14":"product-type-simple"},"_links":{"self":[{"href":"https:\/\/totdecasa.fr\/index.php\/wp-json\/wp\/v2\/product\/208870","targetHints":{"allow":["GET"]}}],"collection":[{"href":"https:\/\/totdecasa.fr\/index.php\/wp-json\/wp\/v2\/product"}],"about":[{"href":"https:\/\/totdecasa.fr\/index.php\/wp-json\/wp\/v2\/types\/product"}],"replies":[{"embeddable":true,"href":"https:\/\/totdecasa.fr\/index.php\/wp-json\/wp\/v2\/comments?post=208870"}],"wp:featuredmedia":[{"embeddable":true,"href":"https:\/\/totdecasa.fr\/index.php\/wp-json\/wp\/v2\/media\/208445"}],"wp:attachment":[{"href":"https:\/\/totdecasa.fr\/index.php\/wp-json\/wp\/v2\/media?parent=208870"}],"wp:term":[{"taxonomy":"product_brand","embeddable":true,"href":"https:\/\/totdecasa.fr\/index.php\/wp-json\/wp\/v2\/product_brand?post=208870"},{"taxonomy":"product_cat","embeddable":true,"href":"https:\/\/totdecasa.fr\/index.php\/wp-json\/wp\/v2\/product_cat?post=208870"},{"taxonomy":"product_tag","embeddable":true,"href":"https:\/\/totdecasa.fr\/index.php\/wp-json\/wp\/v2\/product_tag?post=208870"}],"curies":[{"name":"wp","href":"https:\/\/api.w.org\/{rel}","templated":true}]}}