{"id":208502,"date":"2020-05-20T13:41:31","date_gmt":"2020-05-20T11:41:31","guid":{"rendered":"http:\/\/totdecasa.fr\/?post_type=product&#038;p=208502"},"modified":"2024-06-07T03:47:36","modified_gmt":"2024-06-07T01:47:36","slug":"miel-dacacia","status":"publish","type":"product","link":"https:\/\/totdecasa.fr\/index.php\/produit\/miel-dacacia\/","title":{"rendered":"Miel d&rsquo;acacia"},"content":{"rendered":"<p>Le miel d&rsquo;acacia est r\u00e9colt\u00e9 en mai. Il est liquide avec un bel aspect translucide dor\u00e9 ; son go\u00fbt est doux.<\/p>\n<p>Les ruches sont dispos\u00e9es en plaine et en montagne suivant la floraison. Le miel est r\u00e9colt\u00e9 de la mani\u00e8re la plus naturelle possible pour une pr\u00e9servation maximale de ses qualit\u00e9s.<\/p>\n<p>Poids net : 250g<\/p>\n","protected":false},"excerpt":{"rendered":"<p>Le miel d&rsquo;acacia est r\u00e9colt\u00e9 en mai. Il est liquide avec un bel aspect translucide dor\u00e9 ; son go\u00fbt est doux. Les ruches sont dispos\u00e9es en plaine et en montagne suivant la floraison. Le miel est r\u00e9colt\u00e9 de la mani\u00e8re la plus naturelle possible pour une pr\u00e9servation maximale de ses qualit\u00e9s. Poids net : 250g<\/p>\n","protected":false},"featured_media":208462,"comment_status":"open","ping_status":"closed","template":"","meta":{"_et_pb_use_builder":"","_et_pb_old_content":"","_et_gb_content_width":""},"product_brand":[],"product_cat":[24,127,43],"product_tag":[158],"class_list":{"0":"post-208502","1":"product","2":"type-product","3":"status-publish","4":"has-post-thumbnail","6":"product_cat-epicerie-sucree","7":"product_cat-familha-masseillou","8":"product_cat-miel-et-produit-de-la-ruche","9":"product_tag-familha-masseillou-lescar","11":"first","12":"instock","13":"shipping-taxable","14":"product-type-simple"},"_links":{"self":[{"href":"https:\/\/totdecasa.fr\/index.php\/wp-json\/wp\/v2\/product\/208502","targetHints":{"allow":["GET"]}}],"collection":[{"href":"https:\/\/totdecasa.fr\/index.php\/wp-json\/wp\/v2\/product"}],"about":[{"href":"https:\/\/totdecasa.fr\/index.php\/wp-json\/wp\/v2\/types\/product"}],"replies":[{"embeddable":true,"href":"https:\/\/totdecasa.fr\/index.php\/wp-json\/wp\/v2\/comments?post=208502"}],"wp:featuredmedia":[{"embeddable":true,"href":"https:\/\/totdecasa.fr\/index.php\/wp-json\/wp\/v2\/media\/208462"}],"wp:attachment":[{"href":"https:\/\/totdecasa.fr\/index.php\/wp-json\/wp\/v2\/media?parent=208502"}],"wp:term":[{"taxonomy":"product_brand","embeddable":true,"href":"https:\/\/totdecasa.fr\/index.php\/wp-json\/wp\/v2\/product_brand?post=208502"},{"taxonomy":"product_cat","embeddable":true,"href":"https:\/\/totdecasa.fr\/index.php\/wp-json\/wp\/v2\/product_cat?post=208502"},{"taxonomy":"product_tag","embeddable":true,"href":"https:\/\/totdecasa.fr\/index.php\/wp-json\/wp\/v2\/product_tag?post=208502"}],"curies":[{"name":"wp","href":"https:\/\/api.w.org\/{rel}","templated":true}]}}