{"id":208495,"date":"2020-05-20T13:19:20","date_gmt":"2020-05-20T11:19:20","guid":{"rendered":"http:\/\/totdecasa.fr\/?post_type=product&#038;p=208495"},"modified":"2024-04-19T15:28:57","modified_gmt":"2024-04-19T13:28:57","slug":"coeurs-de-canards-farcis-au-foie-gras","status":"publish","type":"product","link":"https:\/\/totdecasa.fr\/index.php\/produit\/coeurs-de-canards-farcis-au-foie-gras\/","title":{"rendered":"C\u0153urs de canards farcis au foie gras"},"content":{"rendered":"<p>Ingr\u00e9dients : c\u0153urs frais de canard, foie gras, sel, poivre.<\/p>\n<p>Poids net : 300g<\/p>\n","protected":false},"excerpt":{"rendered":"<p>Ingr\u00e9dients : c\u0153urs frais de canard, foie gras, sel, poivre. Poids net : 300g<\/p>\n","protected":false},"featured_media":208452,"comment_status":"open","ping_status":"closed","template":"","meta":{"_et_pb_use_builder":"","_et_pb_old_content":"","_et_gb_content_width":""},"product_brand":[],"product_cat":[22,117,55,49],"product_tag":[155],"class_list":{"0":"post-208495","1":"product","2":"type-product","3":"status-publish","4":"has-post-thumbnail","6":"product_cat-conserves-fines","7":"product_cat-ferme-hondet","8":"product_cat-foie-gras","9":"product_cat-viandes-en-sauce","10":"product_tag-ferme-hondet-lasseubetat","12":"first","13":"instock","14":"shipping-taxable","15":"product-type-simple"},"_links":{"self":[{"href":"https:\/\/totdecasa.fr\/index.php\/wp-json\/wp\/v2\/product\/208495","targetHints":{"allow":["GET"]}}],"collection":[{"href":"https:\/\/totdecasa.fr\/index.php\/wp-json\/wp\/v2\/product"}],"about":[{"href":"https:\/\/totdecasa.fr\/index.php\/wp-json\/wp\/v2\/types\/product"}],"replies":[{"embeddable":true,"href":"https:\/\/totdecasa.fr\/index.php\/wp-json\/wp\/v2\/comments?post=208495"}],"wp:featuredmedia":[{"embeddable":true,"href":"https:\/\/totdecasa.fr\/index.php\/wp-json\/wp\/v2\/media\/208452"}],"wp:attachment":[{"href":"https:\/\/totdecasa.fr\/index.php\/wp-json\/wp\/v2\/media?parent=208495"}],"wp:term":[{"taxonomy":"product_brand","embeddable":true,"href":"https:\/\/totdecasa.fr\/index.php\/wp-json\/wp\/v2\/product_brand?post=208495"},{"taxonomy":"product_cat","embeddable":true,"href":"https:\/\/totdecasa.fr\/index.php\/wp-json\/wp\/v2\/product_cat?post=208495"},{"taxonomy":"product_tag","embeddable":true,"href":"https:\/\/totdecasa.fr\/index.php\/wp-json\/wp\/v2\/product_tag?post=208495"}],"curies":[{"name":"wp","href":"https:\/\/api.w.org\/{rel}","templated":true}]}}