{"id":208424,"date":"2020-05-13T16:09:21","date_gmt":"2020-05-13T14:09:21","guid":{"rendered":"http:\/\/totdecasa.fr\/?post_type=product&#038;p=208424"},"modified":"2020-10-23T18:38:51","modified_gmt":"2020-10-23T16:38:51","slug":"marmelade-doranges-du-bearn","status":"publish","type":"product","link":"https:\/\/totdecasa.fr\/index.php\/produit\/marmelade-doranges-du-bearn\/","title":{"rendered":"Marmelade d&rsquo;oranges du B\u00e9arn"},"content":{"rendered":"<p>Marmelade d&rsquo;oranges du B\u00e9arn !<\/p>\n<p>Fruits issus d\u2019un verger non trait\u00e9 et de vari\u00e9t\u00e9s anciennes de pommes, figues, ch\u00e2taignes et autres fruits et fleurs.<\/p>\n<p>Ingr\u00e9dients : fruits nomm\u00e9s, 50% sucre, 0,3% agar agar.<\/p>\n<p>Poids net : 220g<\/p>\n","protected":false},"excerpt":{"rendered":"<p>Marmelade d&rsquo;oranges du B\u00e9arn ! Fruits issus d\u2019un verger non trait\u00e9 et de vari\u00e9t\u00e9s anciennes de pommes, figues, ch\u00e2taignes et autres fruits et fleurs. Ingr\u00e9dients : fruits nomm\u00e9s, 50% sucre, 0,3% agar agar. Poids net : 220g<\/p>\n","protected":false},"featured_media":208385,"comment_status":"open","ping_status":"closed","template":"","meta":{"_et_pb_use_builder":"","_et_pb_old_content":"","_et_gb_content_width":""},"product_brand":[],"product_cat":[44,24,126],"product_tag":[135],"class_list":{"0":"post-208424","1":"product","2":"type-product","3":"status-publish","4":"has-post-thumbnail","6":"product_cat-coulis-confitures-gelees","7":"product_cat-epicerie-sucree","8":"product_cat-pomme-et-julie","9":"product_tag-pomme-julie-lasseube","11":"first","12":"outofstock","13":"shipping-taxable","14":"product-type-simple"},"_links":{"self":[{"href":"https:\/\/totdecasa.fr\/index.php\/wp-json\/wp\/v2\/product\/208424","targetHints":{"allow":["GET"]}}],"collection":[{"href":"https:\/\/totdecasa.fr\/index.php\/wp-json\/wp\/v2\/product"}],"about":[{"href":"https:\/\/totdecasa.fr\/index.php\/wp-json\/wp\/v2\/types\/product"}],"replies":[{"embeddable":true,"href":"https:\/\/totdecasa.fr\/index.php\/wp-json\/wp\/v2\/comments?post=208424"}],"wp:featuredmedia":[{"embeddable":true,"href":"https:\/\/totdecasa.fr\/index.php\/wp-json\/wp\/v2\/media\/208385"}],"wp:attachment":[{"href":"https:\/\/totdecasa.fr\/index.php\/wp-json\/wp\/v2\/media?parent=208424"}],"wp:term":[{"taxonomy":"product_brand","embeddable":true,"href":"https:\/\/totdecasa.fr\/index.php\/wp-json\/wp\/v2\/product_brand?post=208424"},{"taxonomy":"product_cat","embeddable":true,"href":"https:\/\/totdecasa.fr\/index.php\/wp-json\/wp\/v2\/product_cat?post=208424"},{"taxonomy":"product_tag","embeddable":true,"href":"https:\/\/totdecasa.fr\/index.php\/wp-json\/wp\/v2\/product_tag?post=208424"}],"curies":[{"name":"wp","href":"https:\/\/api.w.org\/{rel}","templated":true}]}}