{"id":208417,"date":"2020-05-13T16:00:20","date_gmt":"2020-05-13T14:00:20","guid":{"rendered":"http:\/\/totdecasa.fr\/?post_type=product&#038;p=208417"},"modified":"2020-11-27T12:35:27","modified_gmt":"2020-11-27T11:35:27","slug":"gelee-de-fruits-du-verger","status":"publish","type":"product","link":"https:\/\/totdecasa.fr\/index.php\/produit\/gelee-de-fruits-du-verger\/","title":{"rendered":"Gel\u00e9e de fruits du verger"},"content":{"rendered":"<p>Fruits issus d&rsquo;un verger non trait\u00e9 et de vari\u00e9t\u00e9s anciennes de pommes, figues, ch\u00e2taignes et autres fruits et fleurs.<\/p>\n<p>\u00c0 d\u00e9guster avec du greuil, sur une tartine, dans un g\u00e2teau, ou \u00e0 cuisiner en vinaigrette, pour napper une viande, dans une po\u00eal\u00e9e de l\u00e9gume&#8230; !<\/p>\n<p><strong>past\u00e8que &#8211; agrumes \/ figues &#8211; mandarines \/ pomme &#8211; poire \/ pommes &#8211; figues &#8211; verveine citron \/ fleur de ch\u00e2taigniers \/ pomme de la St Jean \/ c\u00e9drat &#8230;<\/strong><\/p>\n<p><strong><em>Une diversit\u00e9 de parfum au fil des saisons : c<\/em><\/strong><em><strong>hoisissez ici la quantit\u00e9 et prenez le temps de choisir votre saveur en magasin !<\/strong><\/em><\/p>\n<p>Ingr\u00e9dients : fruits nomm\u00e9s, 50% sucre, 0,3% agar agar.<\/p>\n<p>Poids net : 220g<\/p>\n","protected":false},"excerpt":{"rendered":"<p>Fruits issus d&rsquo;un verger non trait\u00e9 et de vari\u00e9t\u00e9s anciennes de pommes, figues, ch\u00e2taignes et autres fruits et fleurs. \u00c0 d\u00e9guster avec du greuil, sur une tartine, dans un g\u00e2teau, ou \u00e0 cuisiner en vinaigrette, pour napper une viande, dans une po\u00eal\u00e9e de l\u00e9gume&#8230; ! past\u00e8que &#8211; agrumes \/ figues &#8211; mandarines \/ pomme &#8211; [&hellip;]<\/p>\n","protected":false},"featured_media":208478,"comment_status":"open","ping_status":"closed","template":"","meta":{"_et_pb_use_builder":"","_et_pb_old_content":"","_et_gb_content_width":""},"product_brand":[],"product_cat":[44,24,126],"product_tag":[135],"class_list":{"0":"post-208417","1":"product","2":"type-product","3":"status-publish","4":"has-post-thumbnail","6":"product_cat-coulis-confitures-gelees","7":"product_cat-epicerie-sucree","8":"product_cat-pomme-et-julie","9":"product_tag-pomme-julie-lasseube","11":"first","12":"instock","13":"shipping-taxable","14":"product-type-simple"},"_links":{"self":[{"href":"https:\/\/totdecasa.fr\/index.php\/wp-json\/wp\/v2\/product\/208417","targetHints":{"allow":["GET"]}}],"collection":[{"href":"https:\/\/totdecasa.fr\/index.php\/wp-json\/wp\/v2\/product"}],"about":[{"href":"https:\/\/totdecasa.fr\/index.php\/wp-json\/wp\/v2\/types\/product"}],"replies":[{"embeddable":true,"href":"https:\/\/totdecasa.fr\/index.php\/wp-json\/wp\/v2\/comments?post=208417"}],"wp:featuredmedia":[{"embeddable":true,"href":"https:\/\/totdecasa.fr\/index.php\/wp-json\/wp\/v2\/media\/208478"}],"wp:attachment":[{"href":"https:\/\/totdecasa.fr\/index.php\/wp-json\/wp\/v2\/media?parent=208417"}],"wp:term":[{"taxonomy":"product_brand","embeddable":true,"href":"https:\/\/totdecasa.fr\/index.php\/wp-json\/wp\/v2\/product_brand?post=208417"},{"taxonomy":"product_cat","embeddable":true,"href":"https:\/\/totdecasa.fr\/index.php\/wp-json\/wp\/v2\/product_cat?post=208417"},{"taxonomy":"product_tag","embeddable":true,"href":"https:\/\/totdecasa.fr\/index.php\/wp-json\/wp\/v2\/product_tag?post=208417"}],"curies":[{"name":"wp","href":"https:\/\/api.w.org\/{rel}","templated":true}]}}