{"id":208352,"date":"2020-05-12T12:13:31","date_gmt":"2020-05-12T10:13:31","guid":{"rendered":"http:\/\/totdecasa.fr\/?post_type=product&#038;p=208352"},"modified":"2021-03-18T17:15:32","modified_gmt":"2021-03-18T16:15:32","slug":"crottin-de-chevre-nature","status":"publish","type":"product","link":"https:\/\/totdecasa.fr\/index.php\/produit\/crottin-de-chevre-nature\/","title":{"rendered":"Crottin de ch\u00e8vre nature"},"content":{"rendered":"<p>Ces crottins de ch\u00e8vre natures sont confectionn\u00e9es \u00e0 Laruns, en Vall\u00e9e d\u2019Ossau, d\u00e8s le d\u00e9but du printemps, jusqu&rsquo;\u00e0 la fin de l&rsquo;automne.<\/p>\n","protected":false},"excerpt":{"rendered":"<p>Ces crottins de ch\u00e8vre natures sont confectionn\u00e9es \u00e0 Laruns, en Vall\u00e9e d\u2019Ossau, d\u00e8s le d\u00e9but du printemps, jusqu&rsquo;\u00e0 la fin de l&rsquo;automne.<\/p>\n","protected":false},"featured_media":208439,"comment_status":"open","ping_status":"closed","template":"","meta":{"_et_pb_use_builder":"","_et_pb_old_content":"","_et_gb_content_width":""},"product_brand":[],"product_cat":[87,30,19],"product_tag":[147],"class_list":{"0":"post-208352","1":"product","2":"type-product","3":"status-publish","4":"has-post-thumbnail","6":"product_cat-adeline-cardet","7":"product_cat-chevre","8":"product_cat-fromages","9":"product_tag-adeline-cardet-laruns","11":"first","12":"instock","13":"shipping-taxable","14":"product-type-simple"},"_links":{"self":[{"href":"https:\/\/totdecasa.fr\/index.php\/wp-json\/wp\/v2\/product\/208352","targetHints":{"allow":["GET"]}}],"collection":[{"href":"https:\/\/totdecasa.fr\/index.php\/wp-json\/wp\/v2\/product"}],"about":[{"href":"https:\/\/totdecasa.fr\/index.php\/wp-json\/wp\/v2\/types\/product"}],"replies":[{"embeddable":true,"href":"https:\/\/totdecasa.fr\/index.php\/wp-json\/wp\/v2\/comments?post=208352"}],"wp:featuredmedia":[{"embeddable":true,"href":"https:\/\/totdecasa.fr\/index.php\/wp-json\/wp\/v2\/media\/208439"}],"wp:attachment":[{"href":"https:\/\/totdecasa.fr\/index.php\/wp-json\/wp\/v2\/media?parent=208352"}],"wp:term":[{"taxonomy":"product_brand","embeddable":true,"href":"https:\/\/totdecasa.fr\/index.php\/wp-json\/wp\/v2\/product_brand?post=208352"},{"taxonomy":"product_cat","embeddable":true,"href":"https:\/\/totdecasa.fr\/index.php\/wp-json\/wp\/v2\/product_cat?post=208352"},{"taxonomy":"product_tag","embeddable":true,"href":"https:\/\/totdecasa.fr\/index.php\/wp-json\/wp\/v2\/product_tag?post=208352"}],"curies":[{"name":"wp","href":"https:\/\/api.w.org\/{rel}","templated":true}]}}