{"id":208348,"date":"2020-05-12T11:47:36","date_gmt":"2020-05-12T09:47:36","guid":{"rendered":"http:\/\/totdecasa.fr\/?post_type=product&#038;p=208348"},"modified":"2021-03-26T18:11:05","modified_gmt":"2021-03-26T17:11:05","slug":"tomme-mixte-vache-brebis","status":"publish","type":"product","link":"https:\/\/totdecasa.fr\/index.php\/produit\/tomme-mixte-vache-brebis\/","title":{"rendered":"Tomme mixte : vache &#8211; brebis"},"content":{"rendered":"<p>Les fromages de brebis sont trop fort pour vous ? Cette tomme mixte est id\u00e9ale : vous retrouverez la saveur du brebis adoucie par le lait de vache !<\/p>\n<p>Le Gaec des Iris est situ\u00e9 dans le petit village de Lescun, \u00e0 900m d\u2019altitude (Vall\u00e9e d\u2019Aspe).<\/p>\n","protected":false},"excerpt":{"rendered":"<p>Les fromages de brebis sont trop fort pour vous ? Cette tomme mixte est id\u00e9ale : vous retrouverez la saveur du brebis adoucie par le lait de vache ! Le Gaec des Iris est situ\u00e9 dans le petit village de Lescun, \u00e0 900m d\u2019altitude (Vall\u00e9e d\u2019Aspe).<\/p>\n","protected":false},"featured_media":208379,"comment_status":"open","ping_status":"closed","template":"","meta":{"_et_pb_use_builder":"","_et_pb_old_content":"","_et_gb_content_width":""},"product_brand":[],"product_cat":[19,102,32],"product_tag":[145],"class_list":{"0":"post-208348","1":"product","2":"type-product","3":"status-publish","4":"has-post-thumbnail","6":"product_cat-fromages","7":"product_cat-gaec-les-iris","8":"product_cat-mixte","9":"product_tag-gaec-les-iris-lescun","11":"first","12":"instock","13":"shipping-taxable","14":"product-type-simple"},"_links":{"self":[{"href":"https:\/\/totdecasa.fr\/index.php\/wp-json\/wp\/v2\/product\/208348","targetHints":{"allow":["GET"]}}],"collection":[{"href":"https:\/\/totdecasa.fr\/index.php\/wp-json\/wp\/v2\/product"}],"about":[{"href":"https:\/\/totdecasa.fr\/index.php\/wp-json\/wp\/v2\/types\/product"}],"replies":[{"embeddable":true,"href":"https:\/\/totdecasa.fr\/index.php\/wp-json\/wp\/v2\/comments?post=208348"}],"wp:featuredmedia":[{"embeddable":true,"href":"https:\/\/totdecasa.fr\/index.php\/wp-json\/wp\/v2\/media\/208379"}],"wp:attachment":[{"href":"https:\/\/totdecasa.fr\/index.php\/wp-json\/wp\/v2\/media?parent=208348"}],"wp:term":[{"taxonomy":"product_brand","embeddable":true,"href":"https:\/\/totdecasa.fr\/index.php\/wp-json\/wp\/v2\/product_brand?post=208348"},{"taxonomy":"product_cat","embeddable":true,"href":"https:\/\/totdecasa.fr\/index.php\/wp-json\/wp\/v2\/product_cat?post=208348"},{"taxonomy":"product_tag","embeddable":true,"href":"https:\/\/totdecasa.fr\/index.php\/wp-json\/wp\/v2\/product_tag?post=208348"}],"curies":[{"name":"wp","href":"https:\/\/api.w.org\/{rel}","templated":true}]}}