{"id":208312,"date":"2020-05-06T17:52:09","date_gmt":"2020-05-06T15:52:09","guid":{"rendered":"http:\/\/totdecasa.fr\/?post_type=product&#038;p=208312"},"modified":"2021-12-06T18:21:10","modified_gmt":"2021-12-06T17:21:10","slug":"vinaigre-aromatise-a-la-peche-roussanne","status":"publish","type":"product","link":"https:\/\/totdecasa.fr\/index.php\/produit\/vinaigre-aromatise-a-la-peche-roussanne\/","title":{"rendered":"Vinaigre aromatis\u00e9 \u00e0 la P\u00eache Roussanne de Monein"},"content":{"rendered":"<p>Ingr\u00e9dients : vinaigre 8% d&rsquo;acidit\u00e9 (40%), pulpe de P\u00eaches Roussanne de Monein (40%), sucre, pectine.<\/p>\n<p>Contenance : 20cl<\/p>\n","protected":false},"excerpt":{"rendered":"<p>Ingr\u00e9dients : vinaigre 8% d&rsquo;acidit\u00e9 (40%), pulpe de P\u00eaches Roussanne de Monein (40%), sucre, pectine. Contenance : 20cl<\/p>\n","protected":false},"featured_media":0,"comment_status":"open","ping_status":"closed","template":"","meta":{"_et_pb_use_builder":"","_et_pb_old_content":"","_et_gb_content_width":""},"product_brand":[],"product_cat":[23,47,106],"product_tag":[141],"class_list":{"0":"post-208312","1":"product","2":"type-product","3":"status-publish","5":"product_cat-epicerie-salee","6":"product_cat-huile-vinaigre","7":"product_cat-roussanne-montesquiou","8":"product_tag-roussanne-montesquiou-monein","10":"first","11":"instock","12":"shipping-taxable","13":"product-type-simple"},"_links":{"self":[{"href":"https:\/\/totdecasa.fr\/index.php\/wp-json\/wp\/v2\/product\/208312","targetHints":{"allow":["GET"]}}],"collection":[{"href":"https:\/\/totdecasa.fr\/index.php\/wp-json\/wp\/v2\/product"}],"about":[{"href":"https:\/\/totdecasa.fr\/index.php\/wp-json\/wp\/v2\/types\/product"}],"replies":[{"embeddable":true,"href":"https:\/\/totdecasa.fr\/index.php\/wp-json\/wp\/v2\/comments?post=208312"}],"wp:attachment":[{"href":"https:\/\/totdecasa.fr\/index.php\/wp-json\/wp\/v2\/media?parent=208312"}],"wp:term":[{"taxonomy":"product_brand","embeddable":true,"href":"https:\/\/totdecasa.fr\/index.php\/wp-json\/wp\/v2\/product_brand?post=208312"},{"taxonomy":"product_cat","embeddable":true,"href":"https:\/\/totdecasa.fr\/index.php\/wp-json\/wp\/v2\/product_cat?post=208312"},{"taxonomy":"product_tag","embeddable":true,"href":"https:\/\/totdecasa.fr\/index.php\/wp-json\/wp\/v2\/product_tag?post=208312"}],"curies":[{"name":"wp","href":"https:\/\/api.w.org\/{rel}","templated":true}]}}