{"id":208295,"date":"2020-05-06T17:02:49","date_gmt":"2020-05-06T15:02:49","guid":{"rendered":"http:\/\/totdecasa.fr\/?post_type=product&#038;p=208295"},"modified":"2024-04-19T15:34:02","modified_gmt":"2024-04-19T13:34:02","slug":"saucisses-de-canard-confites","status":"publish","type":"product","link":"https:\/\/totdecasa.fr\/index.php\/produit\/saucisses-de-canard-confites\/","title":{"rendered":"Saucisses de canard confites"},"content":{"rendered":"<p><strong>6 saucisses de canard confites<\/strong><\/p>\n<p>Ingr\u00e9dients : viande de canard hach\u00e9e, sel, ail, poivre.<\/p>\n<p>Poids net \u00e9goutt\u00e9 : 400g<\/p>\n","protected":false},"excerpt":{"rendered":"<p>6 saucisses de canard confites Ingr\u00e9dients : viande de canard hach\u00e9e, sel, ail, poivre. Poids net \u00e9goutt\u00e9 : 400g<\/p>\n","protected":false},"featured_media":208451,"comment_status":"open","ping_status":"closed","template":"","meta":{"_et_pb_use_builder":"","_et_pb_old_content":"","_et_gb_content_width":""},"product_brand":[],"product_cat":[50,22,117],"product_tag":[155],"class_list":{"0":"post-208295","1":"product","2":"type-product","3":"status-publish","4":"has-post-thumbnail","6":"product_cat-confits","7":"product_cat-conserves-fines","8":"product_cat-ferme-hondet","9":"product_tag-ferme-hondet-lasseubetat","11":"first","12":"instock","13":"shipping-taxable","14":"product-type-simple"},"_links":{"self":[{"href":"https:\/\/totdecasa.fr\/index.php\/wp-json\/wp\/v2\/product\/208295","targetHints":{"allow":["GET"]}}],"collection":[{"href":"https:\/\/totdecasa.fr\/index.php\/wp-json\/wp\/v2\/product"}],"about":[{"href":"https:\/\/totdecasa.fr\/index.php\/wp-json\/wp\/v2\/types\/product"}],"replies":[{"embeddable":true,"href":"https:\/\/totdecasa.fr\/index.php\/wp-json\/wp\/v2\/comments?post=208295"}],"wp:featuredmedia":[{"embeddable":true,"href":"https:\/\/totdecasa.fr\/index.php\/wp-json\/wp\/v2\/media\/208451"}],"wp:attachment":[{"href":"https:\/\/totdecasa.fr\/index.php\/wp-json\/wp\/v2\/media?parent=208295"}],"wp:term":[{"taxonomy":"product_brand","embeddable":true,"href":"https:\/\/totdecasa.fr\/index.php\/wp-json\/wp\/v2\/product_brand?post=208295"},{"taxonomy":"product_cat","embeddable":true,"href":"https:\/\/totdecasa.fr\/index.php\/wp-json\/wp\/v2\/product_cat?post=208295"},{"taxonomy":"product_tag","embeddable":true,"href":"https:\/\/totdecasa.fr\/index.php\/wp-json\/wp\/v2\/product_tag?post=208295"}],"curies":[{"name":"wp","href":"https:\/\/api.w.org\/{rel}","templated":true}]}}