{"id":208293,"date":"2020-05-06T16:56:19","date_gmt":"2020-05-06T14:56:19","guid":{"rendered":"http:\/\/totdecasa.fr\/?post_type=product&#038;p=208293"},"modified":"2024-04-19T15:34:21","modified_gmt":"2024-04-19T13:34:21","slug":"pate-de-canard-au-foie-gras","status":"publish","type":"product","link":"https:\/\/totdecasa.fr\/index.php\/produit\/pate-de-canard-au-foie-gras\/","title":{"rendered":"P\u00e2t\u00e9 de canard au foie gras"},"content":{"rendered":"<p>Ingr\u00e9dients : 66% viande de canard gras, 33% de foie gras, gras de canard, <strong>\u0153uf<\/strong>, sel, ail, poivre.<\/p>\n<p>Poids net : 250g<\/p>\n","protected":false},"excerpt":{"rendered":"<p>Ingr\u00e9dients : 66% viande de canard gras, 33% de foie gras, gras de canard, \u0153uf, sel, ail, poivre. Poids net : 250g<\/p>\n","protected":false},"featured_media":208460,"comment_status":"open","ping_status":"closed","template":"","meta":{"_et_pb_use_builder":"","_et_pb_old_content":"","_et_gb_content_width":""},"product_brand":[],"product_cat":[22,117,54],"product_tag":[155],"class_list":{"0":"post-208293","1":"product","2":"type-product","3":"status-publish","4":"has-post-thumbnail","6":"product_cat-conserves-fines","7":"product_cat-ferme-hondet","8":"product_cat-pates-rillettes","9":"product_tag-ferme-hondet-lasseubetat","11":"first","12":"instock","13":"shipping-taxable","14":"product-type-simple"},"_links":{"self":[{"href":"https:\/\/totdecasa.fr\/index.php\/wp-json\/wp\/v2\/product\/208293","targetHints":{"allow":["GET"]}}],"collection":[{"href":"https:\/\/totdecasa.fr\/index.php\/wp-json\/wp\/v2\/product"}],"about":[{"href":"https:\/\/totdecasa.fr\/index.php\/wp-json\/wp\/v2\/types\/product"}],"replies":[{"embeddable":true,"href":"https:\/\/totdecasa.fr\/index.php\/wp-json\/wp\/v2\/comments?post=208293"}],"wp:featuredmedia":[{"embeddable":true,"href":"https:\/\/totdecasa.fr\/index.php\/wp-json\/wp\/v2\/media\/208460"}],"wp:attachment":[{"href":"https:\/\/totdecasa.fr\/index.php\/wp-json\/wp\/v2\/media?parent=208293"}],"wp:term":[{"taxonomy":"product_brand","embeddable":true,"href":"https:\/\/totdecasa.fr\/index.php\/wp-json\/wp\/v2\/product_brand?post=208293"},{"taxonomy":"product_cat","embeddable":true,"href":"https:\/\/totdecasa.fr\/index.php\/wp-json\/wp\/v2\/product_cat?post=208293"},{"taxonomy":"product_tag","embeddable":true,"href":"https:\/\/totdecasa.fr\/index.php\/wp-json\/wp\/v2\/product_tag?post=208293"}],"curies":[{"name":"wp","href":"https:\/\/api.w.org\/{rel}","templated":true}]}}