{"id":208288,"date":"2020-04-24T18:27:08","date_gmt":"2020-04-24T16:27:08","guid":{"rendered":"http:\/\/totdecasa.fr\/?post_type=product&#038;p=208288"},"modified":"2024-04-19T15:35:20","modified_gmt":"2024-04-19T13:35:20","slug":"cou-et-aile-de-canard-confit","status":"publish","type":"product","link":"https:\/\/totdecasa.fr\/index.php\/produit\/cou-et-aile-de-canard-confit\/","title":{"rendered":"Cou et aile de canard confit"},"content":{"rendered":"<p>Un cou et deux ailes de canard. Id\u00e9al pour la garbure !<\/p>\n<p>Ingr\u00e9dients : 1 cou et 2 ailes de canard, graisse de canard, sel, poivre, ail.<\/p>\n<p>Poids minimum \u00e9goutt\u00e9 : 400g<\/p>\n","protected":false},"excerpt":{"rendered":"<p>Un cou et deux ailes de canard. Id\u00e9al pour la garbure ! Ingr\u00e9dients : 1 cou et 2 ailes de canard, graisse de canard, sel, poivre, ail. Poids minimum \u00e9goutt\u00e9 : 400g<\/p>\n","protected":false},"featured_media":208453,"comment_status":"open","ping_status":"closed","template":"","meta":{"_et_pb_use_builder":"","_et_pb_old_content":"","_et_gb_content_width":""},"product_brand":[],"product_cat":[118,50,22,117],"product_tag":[155],"class_list":{"0":"post-208288","1":"product","2":"type-product","3":"status-publish","4":"has-post-thumbnail","6":"product_cat-canard","7":"product_cat-confits","8":"product_cat-conserves-fines","9":"product_cat-ferme-hondet","10":"product_tag-ferme-hondet-lasseubetat","12":"first","13":"instock","14":"shipping-taxable","15":"product-type-simple"},"_links":{"self":[{"href":"https:\/\/totdecasa.fr\/index.php\/wp-json\/wp\/v2\/product\/208288","targetHints":{"allow":["GET"]}}],"collection":[{"href":"https:\/\/totdecasa.fr\/index.php\/wp-json\/wp\/v2\/product"}],"about":[{"href":"https:\/\/totdecasa.fr\/index.php\/wp-json\/wp\/v2\/types\/product"}],"replies":[{"embeddable":true,"href":"https:\/\/totdecasa.fr\/index.php\/wp-json\/wp\/v2\/comments?post=208288"}],"wp:featuredmedia":[{"embeddable":true,"href":"https:\/\/totdecasa.fr\/index.php\/wp-json\/wp\/v2\/media\/208453"}],"wp:attachment":[{"href":"https:\/\/totdecasa.fr\/index.php\/wp-json\/wp\/v2\/media?parent=208288"}],"wp:term":[{"taxonomy":"product_brand","embeddable":true,"href":"https:\/\/totdecasa.fr\/index.php\/wp-json\/wp\/v2\/product_brand?post=208288"},{"taxonomy":"product_cat","embeddable":true,"href":"https:\/\/totdecasa.fr\/index.php\/wp-json\/wp\/v2\/product_cat?post=208288"},{"taxonomy":"product_tag","embeddable":true,"href":"https:\/\/totdecasa.fr\/index.php\/wp-json\/wp\/v2\/product_tag?post=208288"}],"curies":[{"name":"wp","href":"https:\/\/api.w.org\/{rel}","templated":true}]}}