{"id":208287,"date":"2020-04-24T18:24:25","date_gmt":"2020-04-24T16:24:25","guid":{"rendered":"http:\/\/totdecasa.fr\/?post_type=product&#038;p=208287"},"modified":"2024-04-19T15:35:28","modified_gmt":"2024-04-19T13:35:28","slug":"manchon-de-canard-confit","status":"publish","type":"product","link":"https:\/\/totdecasa.fr\/index.php\/produit\/manchon-de-canard-confit\/","title":{"rendered":"Manchon de canard confit"},"content":{"rendered":"<p>Six manchons de canard.<\/p>\n<p>Ingr\u00e9dients : 6 manchons, graisse de canard, sel, ail, poivre.<\/p>\n<p>Poids net \u00e9goutt\u00e9 : 600g<\/p>\n","protected":false},"excerpt":{"rendered":"<p>Six manchons de canard. Ingr\u00e9dients : 6 manchons, graisse de canard, sel, ail, poivre. Poids net \u00e9goutt\u00e9 : 600g<\/p>\n","protected":false},"featured_media":208450,"comment_status":"open","ping_status":"closed","template":"","meta":{"_et_pb_use_builder":"","_et_pb_old_content":"","_et_gb_content_width":""},"product_brand":[],"product_cat":[118,50,22,117],"product_tag":[155],"class_list":{"0":"post-208287","1":"product","2":"type-product","3":"status-publish","4":"has-post-thumbnail","6":"product_cat-canard","7":"product_cat-confits","8":"product_cat-conserves-fines","9":"product_cat-ferme-hondet","10":"product_tag-ferme-hondet-lasseubetat","12":"first","13":"instock","14":"shipping-taxable","15":"product-type-simple"},"_links":{"self":[{"href":"https:\/\/totdecasa.fr\/index.php\/wp-json\/wp\/v2\/product\/208287","targetHints":{"allow":["GET"]}}],"collection":[{"href":"https:\/\/totdecasa.fr\/index.php\/wp-json\/wp\/v2\/product"}],"about":[{"href":"https:\/\/totdecasa.fr\/index.php\/wp-json\/wp\/v2\/types\/product"}],"replies":[{"embeddable":true,"href":"https:\/\/totdecasa.fr\/index.php\/wp-json\/wp\/v2\/comments?post=208287"}],"wp:featuredmedia":[{"embeddable":true,"href":"https:\/\/totdecasa.fr\/index.php\/wp-json\/wp\/v2\/media\/208450"}],"wp:attachment":[{"href":"https:\/\/totdecasa.fr\/index.php\/wp-json\/wp\/v2\/media?parent=208287"}],"wp:term":[{"taxonomy":"product_brand","embeddable":true,"href":"https:\/\/totdecasa.fr\/index.php\/wp-json\/wp\/v2\/product_brand?post=208287"},{"taxonomy":"product_cat","embeddable":true,"href":"https:\/\/totdecasa.fr\/index.php\/wp-json\/wp\/v2\/product_cat?post=208287"},{"taxonomy":"product_tag","embeddable":true,"href":"https:\/\/totdecasa.fr\/index.php\/wp-json\/wp\/v2\/product_tag?post=208287"}],"curies":[{"name":"wp","href":"https:\/\/api.w.org\/{rel}","templated":true}]}}