{"id":208286,"date":"2020-04-24T18:21:47","date_gmt":"2020-04-24T16:21:47","guid":{"rendered":"http:\/\/totdecasa.fr\/?post_type=product&#038;p=208286"},"modified":"2024-04-19T15:58:01","modified_gmt":"2024-04-19T13:58:01","slug":"cou-de-canard-confit","status":"publish","type":"product","link":"https:\/\/totdecasa.fr\/index.php\/produit\/cou-de-canard-confit\/","title":{"rendered":"Cou de canard confit"},"content":{"rendered":"<p>Quatre cous de canard.<\/p>\n<p>Ingr\u00e9dients : 4 cous, graisse de canard, sel, poivre, ail.<\/p>\n<p>Poids minimum \u00e9goutt\u00e9 : 400g.<\/p>\n","protected":false},"excerpt":{"rendered":"<p>Quatre cous de canard. Ingr\u00e9dients : 4 cous, graisse de canard, sel, poivre, ail. Poids minimum \u00e9goutt\u00e9 : 400g.<\/p>\n","protected":false},"featured_media":208448,"comment_status":"open","ping_status":"closed","template":"","meta":{"_et_pb_use_builder":"","_et_pb_old_content":"","_et_gb_content_width":""},"product_brand":[],"product_cat":[118,50,22,117],"product_tag":[155],"class_list":{"0":"post-208286","1":"product","2":"type-product","3":"status-publish","4":"has-post-thumbnail","6":"product_cat-canard","7":"product_cat-confits","8":"product_cat-conserves-fines","9":"product_cat-ferme-hondet","10":"product_tag-ferme-hondet-lasseubetat","12":"first","13":"instock","14":"shipping-taxable","15":"product-type-simple"},"_links":{"self":[{"href":"https:\/\/totdecasa.fr\/index.php\/wp-json\/wp\/v2\/product\/208286","targetHints":{"allow":["GET"]}}],"collection":[{"href":"https:\/\/totdecasa.fr\/index.php\/wp-json\/wp\/v2\/product"}],"about":[{"href":"https:\/\/totdecasa.fr\/index.php\/wp-json\/wp\/v2\/types\/product"}],"replies":[{"embeddable":true,"href":"https:\/\/totdecasa.fr\/index.php\/wp-json\/wp\/v2\/comments?post=208286"}],"wp:featuredmedia":[{"embeddable":true,"href":"https:\/\/totdecasa.fr\/index.php\/wp-json\/wp\/v2\/media\/208448"}],"wp:attachment":[{"href":"https:\/\/totdecasa.fr\/index.php\/wp-json\/wp\/v2\/media?parent=208286"}],"wp:term":[{"taxonomy":"product_brand","embeddable":true,"href":"https:\/\/totdecasa.fr\/index.php\/wp-json\/wp\/v2\/product_brand?post=208286"},{"taxonomy":"product_cat","embeddable":true,"href":"https:\/\/totdecasa.fr\/index.php\/wp-json\/wp\/v2\/product_cat?post=208286"},{"taxonomy":"product_tag","embeddable":true,"href":"https:\/\/totdecasa.fr\/index.php\/wp-json\/wp\/v2\/product_tag?post=208286"}],"curies":[{"name":"wp","href":"https:\/\/api.w.org\/{rel}","templated":true}]}}