{"id":208276,"date":"2020-04-24T18:00:48","date_gmt":"2020-04-24T16:00:48","guid":{"rendered":"http:\/\/totdecasa.fr\/?post_type=product&#038;p=208276"},"modified":"2021-09-16T11:56:10","modified_gmt":"2021-09-16T09:56:10","slug":"sirop-de-peches-roussanne-de-monein","status":"publish","type":"product","link":"https:\/\/totdecasa.fr\/index.php\/produit\/sirop-de-peches-roussanne-de-monein\/","title":{"rendered":"Sirop de P\u00eaches Roussanne de Monein"},"content":{"rendered":"<p>Ingr\u00e9dients : p\u00eaches roussanne de Monein, sucre.<\/p>\n<p>Contenance : 0,25L ou 0,5L<\/p>\n","protected":false},"excerpt":{"rendered":"<p>Ingr\u00e9dients : p\u00eaches roussanne de Monein, sucre. Contenance : 0,25L ou 0,5L<\/p>\n","protected":false},"featured_media":208371,"comment_status":"open","ping_status":"closed","template":"","meta":{"_et_pb_use_builder":"","_et_pb_old_content":"","_et_gb_content_width":""},"product_brand":[],"product_cat":[56,106],"product_tag":[141],"class_list":{"0":"post-208276","1":"product","2":"type-product","3":"status-publish","4":"has-post-thumbnail","6":"product_cat-jus-de-fruits-sirops","7":"product_cat-roussanne-montesquiou","8":"product_tag-roussanne-montesquiou-monein","10":"first","11":"instock","12":"shipping-taxable","13":"product-type-variable"},"_links":{"self":[{"href":"https:\/\/totdecasa.fr\/index.php\/wp-json\/wp\/v2\/product\/208276","targetHints":{"allow":["GET"]}}],"collection":[{"href":"https:\/\/totdecasa.fr\/index.php\/wp-json\/wp\/v2\/product"}],"about":[{"href":"https:\/\/totdecasa.fr\/index.php\/wp-json\/wp\/v2\/types\/product"}],"replies":[{"embeddable":true,"href":"https:\/\/totdecasa.fr\/index.php\/wp-json\/wp\/v2\/comments?post=208276"}],"wp:featuredmedia":[{"embeddable":true,"href":"https:\/\/totdecasa.fr\/index.php\/wp-json\/wp\/v2\/media\/208371"}],"wp:attachment":[{"href":"https:\/\/totdecasa.fr\/index.php\/wp-json\/wp\/v2\/media?parent=208276"}],"wp:term":[{"taxonomy":"product_brand","embeddable":true,"href":"https:\/\/totdecasa.fr\/index.php\/wp-json\/wp\/v2\/product_brand?post=208276"},{"taxonomy":"product_cat","embeddable":true,"href":"https:\/\/totdecasa.fr\/index.php\/wp-json\/wp\/v2\/product_cat?post=208276"},{"taxonomy":"product_tag","embeddable":true,"href":"https:\/\/totdecasa.fr\/index.php\/wp-json\/wp\/v2\/product_tag?post=208276"}],"curies":[{"name":"wp","href":"https:\/\/api.w.org\/{rel}","templated":true}]}}