{"id":208271,"date":"2020-04-24T17:46:41","date_gmt":"2020-04-24T15:46:41","guid":{"rendered":"http:\/\/totdecasa.fr\/?post_type=product&#038;p=208271"},"modified":"2020-05-27T12:29:54","modified_gmt":"2020-05-27T10:29:54","slug":"confiture-de-peches-roussanne-de-monein","status":"publish","type":"product","link":"https:\/\/totdecasa.fr\/index.php\/produit\/confiture-de-peches-roussanne-de-monein\/","title":{"rendered":"Confiture de P\u00eaches Roussanne de Monein"},"content":{"rendered":"<p>Pr\u00e9par\u00e9e avec 50g de fruits pour 100g.<\/p>\n<p>Ingr\u00e9dients : p\u00eaches Roussanne de Monein, sucre, pectine, acide citrique.<\/p>\n<p>Poids net : 250g<\/p>\n","protected":false},"excerpt":{"rendered":"<p>Pr\u00e9par\u00e9e avec 50g de fruits pour 100g. Ingr\u00e9dients : p\u00eaches Roussanne de Monein, sucre, pectine, acide citrique. Poids net : 250g<\/p>\n","protected":false},"featured_media":208366,"comment_status":"open","ping_status":"closed","template":"","meta":{"_et_pb_use_builder":"","_et_pb_old_content":"","_et_gb_content_width":""},"product_brand":[],"product_cat":[44,24,106],"product_tag":[141],"class_list":{"0":"post-208271","1":"product","2":"type-product","3":"status-publish","4":"has-post-thumbnail","6":"product_cat-coulis-confitures-gelees","7":"product_cat-epicerie-sucree","8":"product_cat-roussanne-montesquiou","9":"product_tag-roussanne-montesquiou-monein","11":"first","12":"instock","13":"shipping-taxable","14":"product-type-simple"},"_links":{"self":[{"href":"https:\/\/totdecasa.fr\/index.php\/wp-json\/wp\/v2\/product\/208271","targetHints":{"allow":["GET"]}}],"collection":[{"href":"https:\/\/totdecasa.fr\/index.php\/wp-json\/wp\/v2\/product"}],"about":[{"href":"https:\/\/totdecasa.fr\/index.php\/wp-json\/wp\/v2\/types\/product"}],"replies":[{"embeddable":true,"href":"https:\/\/totdecasa.fr\/index.php\/wp-json\/wp\/v2\/comments?post=208271"}],"wp:featuredmedia":[{"embeddable":true,"href":"https:\/\/totdecasa.fr\/index.php\/wp-json\/wp\/v2\/media\/208366"}],"wp:attachment":[{"href":"https:\/\/totdecasa.fr\/index.php\/wp-json\/wp\/v2\/media?parent=208271"}],"wp:term":[{"taxonomy":"product_brand","embeddable":true,"href":"https:\/\/totdecasa.fr\/index.php\/wp-json\/wp\/v2\/product_brand?post=208271"},{"taxonomy":"product_cat","embeddable":true,"href":"https:\/\/totdecasa.fr\/index.php\/wp-json\/wp\/v2\/product_cat?post=208271"},{"taxonomy":"product_tag","embeddable":true,"href":"https:\/\/totdecasa.fr\/index.php\/wp-json\/wp\/v2\/product_tag?post=208271"}],"curies":[{"name":"wp","href":"https:\/\/api.w.org\/{rel}","templated":true}]}}