{"id":208268,"date":"2020-04-24T16:15:03","date_gmt":"2020-04-24T14:15:03","guid":{"rendered":"http:\/\/totdecasa.fr\/?post_type=product&#038;p=208268"},"modified":"2024-07-11T12:53:53","modified_gmt":"2024-07-11T10:53:53","slug":"ostara-rose","status":"publish","type":"product","link":"https:\/\/totdecasa.fr\/index.php\/produit\/ostara-rose\/","title":{"rendered":"Ostara Ros\u00e9 &#8211; Domaine Damiens"},"content":{"rendered":"<p>Issu de parcelles de pieds de c\u00f4tes, les Cabernets Francs sont issus de saign\u00e9e ou de press\u00e9e. Aussi, la vinification se fait avec un minimum d\u2019intrants puisqu\u2019il ne contient que 0.08 g\/L de sulfites. Un vin rose d\u2019ap\u00e9ro, \u00e0 qui la gastronomie ne fait pas peur.<\/p>\n<p>La mise en bouteilles printani\u00e8re du c\u00e9page Cabernet Franc fige les ar\u00f4mes de cet instant.<\/p>\n<p>D\u00e9gustation : servir frais sur ap\u00e9ro, tapas, charcuterie, sushis&#8230;<\/p>\n<p>Conservation : boire jeune.<\/p>\n<p>Certifi\u00e9 AB FR-BIO-10<\/p>\n<p><em>L\u2019abus d\u2019alcool est dangereux pour la sant\u00e9.<\/em><\/p>\n","protected":false},"excerpt":{"rendered":"<p>Issu de parcelles de pieds de c\u00f4tes, les Cabernets Francs sont issus de saign\u00e9e ou de press\u00e9e. Aussi, la vinification se fait avec un minimum d\u2019intrants puisqu\u2019il ne contient que 0.08 g\/L de sulfites. Un vin rose d\u2019ap\u00e9ro, \u00e0 qui la gastronomie ne fait pas peur. La mise en bouteilles printani\u00e8re du c\u00e9page Cabernet Franc [&hellip;]<\/p>\n","protected":false},"featured_media":209706,"comment_status":"open","ping_status":"closed","template":"","meta":{"_et_pb_use_builder":"","_et_pb_old_content":"","_et_gb_content_width":""},"product_brand":[],"product_cat":[25,91,125],"product_tag":[148,165],"class_list":{"0":"post-208268","1":"product","2":"type-product","3":"status-publish","4":"has-post-thumbnail","6":"product_cat-boissons","7":"product_cat-domaine-damiens","8":"product_cat-vins_roses","9":"product_tag-domaine-damiens-aydie","10":"product_tag-produit-certifie-agriculture-biologique","12":"first","13":"instock","14":"shipping-taxable","15":"product-type-simple"},"_links":{"self":[{"href":"https:\/\/totdecasa.fr\/index.php\/wp-json\/wp\/v2\/product\/208268","targetHints":{"allow":["GET"]}}],"collection":[{"href":"https:\/\/totdecasa.fr\/index.php\/wp-json\/wp\/v2\/product"}],"about":[{"href":"https:\/\/totdecasa.fr\/index.php\/wp-json\/wp\/v2\/types\/product"}],"replies":[{"embeddable":true,"href":"https:\/\/totdecasa.fr\/index.php\/wp-json\/wp\/v2\/comments?post=208268"}],"wp:featuredmedia":[{"embeddable":true,"href":"https:\/\/totdecasa.fr\/index.php\/wp-json\/wp\/v2\/media\/209706"}],"wp:attachment":[{"href":"https:\/\/totdecasa.fr\/index.php\/wp-json\/wp\/v2\/media?parent=208268"}],"wp:term":[{"taxonomy":"product_brand","embeddable":true,"href":"https:\/\/totdecasa.fr\/index.php\/wp-json\/wp\/v2\/product_brand?post=208268"},{"taxonomy":"product_cat","embeddable":true,"href":"https:\/\/totdecasa.fr\/index.php\/wp-json\/wp\/v2\/product_cat?post=208268"},{"taxonomy":"product_tag","embeddable":true,"href":"https:\/\/totdecasa.fr\/index.php\/wp-json\/wp\/v2\/product_tag?post=208268"}],"curies":[{"name":"wp","href":"https:\/\/api.w.org\/{rel}","templated":true}]}}