{"id":208256,"date":"2020-04-23T12:00:07","date_gmt":"2020-04-23T10:00:07","guid":{"rendered":"http:\/\/totdecasa.fr\/?post_type=product&#038;p=208256"},"modified":"2021-03-28T10:13:04","modified_gmt":"2021-03-28T08:13:04","slug":"jurancon-le-tablier-delise","status":"publish","type":"product","link":"https:\/\/totdecasa.fr\/index.php\/produit\/jurancon-le-tablier-delise\/","title":{"rendered":"Juran\u00e7on : Le Tablier d&rsquo;\u00c9lise &#8211; Le Bois Sacr\u00e9"},"content":{"rendered":"<p>C\u00e9pages : 70% Gros Manseng, 30% Petit Manseng<\/p>\n<p>D\u00e9gustation : nez intense, franc et agr\u00e9able, de fruits m\u00fbrs avec des ar\u00f4mes d&rsquo;ananas dominant, d&rsquo;organe, de m\u00fbre et de cl\u00e9mentine. Bouche expressive en ar\u00f4mes, \u00e0 l&rsquo;\u00e9quilibre sucre-acide haut, qui finit sur une belle longueur.<\/p>\n<p>S\u00e9duisant \u00e0 la fois par son bel \u00e9quilibre et son volume en bouche, ce vin peut tout \u00e0 fait \u00eatre appr\u00e9ci\u00e9 \u00e0 l&rsquo;ap\u00e9ritif, mais aussi sur un plateau de fromages Bleu et brebis, ou encore avec une tarte tatin !<\/p>\n<p>Conservation : \u00e0 consommer dans les 3 ans pour profite pleinement du c\u00f4t\u00e9 fruit\u00e9.<\/p>\n<p><em>L\u2019abus d\u2019alcool est dangereux pour la sant\u00e9.<\/em><\/p>\n","protected":false},"excerpt":{"rendered":"<p>C\u00e9pages : 70% Gros Manseng, 30% Petit Manseng D\u00e9gustation : nez intense, franc et agr\u00e9able, de fruits m\u00fbrs avec des ar\u00f4mes d&rsquo;ananas dominant, d&rsquo;organe, de m\u00fbre et de cl\u00e9mentine. Bouche expressive en ar\u00f4mes, \u00e0 l&rsquo;\u00e9quilibre sucre-acide haut, qui finit sur une belle longueur. S\u00e9duisant \u00e0 la fois par son bel \u00e9quilibre et son volume en [&hellip;]<\/p>\n","protected":false},"featured_media":208436,"comment_status":"open","ping_status":"closed","template":"","meta":{"_et_pb_use_builder":"","_et_pb_old_content":"","_et_gb_content_width":""},"product_brand":[],"product_cat":[25,99,59],"product_tag":[152],"class_list":{"0":"post-208256","1":"product","2":"type-product","3":"status-publish","4":"has-post-thumbnail","6":"product_cat-boissons","7":"product_cat-ferme-saint-martin-bois-sacre","8":"product_cat-vins-blancs-doux","9":"product_tag-le-bois-sacre-lucq-de-bearn","11":"first","12":"instock","13":"shipping-taxable","14":"product-type-simple"},"_links":{"self":[{"href":"https:\/\/totdecasa.fr\/index.php\/wp-json\/wp\/v2\/product\/208256","targetHints":{"allow":["GET"]}}],"collection":[{"href":"https:\/\/totdecasa.fr\/index.php\/wp-json\/wp\/v2\/product"}],"about":[{"href":"https:\/\/totdecasa.fr\/index.php\/wp-json\/wp\/v2\/types\/product"}],"replies":[{"embeddable":true,"href":"https:\/\/totdecasa.fr\/index.php\/wp-json\/wp\/v2\/comments?post=208256"}],"wp:featuredmedia":[{"embeddable":true,"href":"https:\/\/totdecasa.fr\/index.php\/wp-json\/wp\/v2\/media\/208436"}],"wp:attachment":[{"href":"https:\/\/totdecasa.fr\/index.php\/wp-json\/wp\/v2\/media?parent=208256"}],"wp:term":[{"taxonomy":"product_brand","embeddable":true,"href":"https:\/\/totdecasa.fr\/index.php\/wp-json\/wp\/v2\/product_brand?post=208256"},{"taxonomy":"product_cat","embeddable":true,"href":"https:\/\/totdecasa.fr\/index.php\/wp-json\/wp\/v2\/product_cat?post=208256"},{"taxonomy":"product_tag","embeddable":true,"href":"https:\/\/totdecasa.fr\/index.php\/wp-json\/wp\/v2\/product_tag?post=208256"}],"curies":[{"name":"wp","href":"https:\/\/api.w.org\/{rel}","templated":true}]}}