{"id":208255,"date":"2020-04-23T11:54:52","date_gmt":"2020-04-23T09:54:52","guid":{"rendered":"http:\/\/totdecasa.fr\/?post_type=product&#038;p=208255"},"modified":"2020-09-23T11:33:15","modified_gmt":"2020-09-23T09:33:15","slug":"jurancon-sec-les-mille-pieds","status":"publish","type":"product","link":"https:\/\/totdecasa.fr\/index.php\/produit\/jurancon-sec-les-mille-pieds\/","title":{"rendered":"Juran\u00e7on sec : Les mille pieds &#8211; Le Bois Sacr\u00e9"},"content":{"rendered":"<p>C\u00e9pages : 85 % Gros Manseng, 15% Petit Manseng.<\/p>\n<p>D\u00e9gustation : nez intense, franc et frais, de zestes d&rsquo;orange et citron vert, notes florales. Bouche vive avec une belle mati\u00e8re aromatique, assez montante. Finale vive \u00e0 l\u00e9g\u00e8re pointe d&rsquo;eucalyptus sur des notes d&rsquo;agrumes.<\/p>\n<p>C&rsquo;est un vin plut\u00f4t pour la table : saint jacques grill\u00e9es, r\u00f4ti de veau en sauce, ou fromages de ch\u00e8vre.<\/p>\n<p>Conservation : \u00e0 consommer dans les 3 ans pour profiter pleinement du c\u00f4t\u00e9 fruit\u00e9.<\/p>\n<p><em>L\u2019abus d\u2019alcool est dangereux pour la sant\u00e9.<\/em><\/p>\n","protected":false},"excerpt":{"rendered":"<p>C\u00e9pages : 85 % Gros Manseng, 15% Petit Manseng. D\u00e9gustation : nez intense, franc et frais, de zestes d&rsquo;orange et citron vert, notes florales. Bouche vive avec une belle mati\u00e8re aromatique, assez montante. Finale vive \u00e0 l\u00e9g\u00e8re pointe d&rsquo;eucalyptus sur des notes d&rsquo;agrumes. C&rsquo;est un vin plut\u00f4t pour la table : saint jacques grill\u00e9es, r\u00f4ti [&hellip;]<\/p>\n","protected":false},"featured_media":208435,"comment_status":"open","ping_status":"closed","template":"","meta":{"_et_pb_use_builder":"","_et_pb_old_content":"","_et_gb_content_width":""},"product_brand":[],"product_cat":[25,99,58],"product_tag":[152],"class_list":{"0":"post-208255","1":"product","2":"type-product","3":"status-publish","4":"has-post-thumbnail","6":"product_cat-boissons","7":"product_cat-ferme-saint-martin-bois-sacre","8":"product_cat-vins-blancs-secs","9":"product_tag-le-bois-sacre-lucq-de-bearn","11":"first","12":"instock","13":"shipping-taxable","14":"product-type-simple"},"_links":{"self":[{"href":"https:\/\/totdecasa.fr\/index.php\/wp-json\/wp\/v2\/product\/208255","targetHints":{"allow":["GET"]}}],"collection":[{"href":"https:\/\/totdecasa.fr\/index.php\/wp-json\/wp\/v2\/product"}],"about":[{"href":"https:\/\/totdecasa.fr\/index.php\/wp-json\/wp\/v2\/types\/product"}],"replies":[{"embeddable":true,"href":"https:\/\/totdecasa.fr\/index.php\/wp-json\/wp\/v2\/comments?post=208255"}],"wp:featuredmedia":[{"embeddable":true,"href":"https:\/\/totdecasa.fr\/index.php\/wp-json\/wp\/v2\/media\/208435"}],"wp:attachment":[{"href":"https:\/\/totdecasa.fr\/index.php\/wp-json\/wp\/v2\/media?parent=208255"}],"wp:term":[{"taxonomy":"product_brand","embeddable":true,"href":"https:\/\/totdecasa.fr\/index.php\/wp-json\/wp\/v2\/product_brand?post=208255"},{"taxonomy":"product_cat","embeddable":true,"href":"https:\/\/totdecasa.fr\/index.php\/wp-json\/wp\/v2\/product_cat?post=208255"},{"taxonomy":"product_tag","embeddable":true,"href":"https:\/\/totdecasa.fr\/index.php\/wp-json\/wp\/v2\/product_tag?post=208255"}],"curies":[{"name":"wp","href":"https:\/\/api.w.org\/{rel}","templated":true}]}}