{"id":208254,"date":"2020-04-23T11:45:17","date_gmt":"2020-04-23T09:45:17","guid":{"rendered":"http:\/\/totdecasa.fr\/?post_type=product&#038;p=208254"},"modified":"2020-09-23T11:31:39","modified_gmt":"2020-09-23T09:31:39","slug":"jurancon-pas-de-deux","status":"publish","type":"product","link":"https:\/\/totdecasa.fr\/index.php\/produit\/jurancon-pas-de-deux\/","title":{"rendered":"Juran\u00e7on Pas de Deux &#8211; Domaine Nigri"},"content":{"rendered":"<p>C\u00e9pages : 40% Petit Manseng, 60% Gros Manseng.<\/p>\n<p>Gr\u00e2ce \u00e0 l&rsquo;association des deux c\u00e9pages embl\u00e9matiques du Juran\u00e7on, c&rsquo;est une cuv\u00e9e typique, fringante, soyeuse et pleine de fruits.<\/p>\n<p>D\u00e9gustation : des ar\u00f4mes de miel, de fruits confits et d&rsquo;agrumes avec des notes balsamiques. Excellent \u00e9quilibre entre la rondeur du sucre et la s\u00e9millante pointe d&rsquo;acidit\u00e9.<\/p>\n<p>Accompagne les foies gras, poissons fum\u00e9s, poissons \u00e0 la cr\u00e8me, fromages \u00e0 p\u00e2tes persill\u00e9es, brebis des Pyr\u00e9n\u00e9es, mais aussi les cuisines \u00e9pic\u00e9es (Indienne, Chinoise) et le chocolat amer !<\/p>\n<p>Conservation : peut se garder 10 ans sur le fruit.<\/p>\n<p><em>L\u2019abus d\u2019alcool est dangereux pour la sant\u00e9.<\/em><\/p>\n","protected":false},"excerpt":{"rendered":"<p>C\u00e9pages : 40% Petit Manseng, 60% Gros Manseng. Gr\u00e2ce \u00e0 l&rsquo;association des deux c\u00e9pages embl\u00e9matiques du Juran\u00e7on, c&rsquo;est une cuv\u00e9e typique, fringante, soyeuse et pleine de fruits. D\u00e9gustation : des ar\u00f4mes de miel, de fruits confits et d&rsquo;agrumes avec des notes balsamiques. Excellent \u00e9quilibre entre la rondeur du sucre et la s\u00e9millante pointe d&rsquo;acidit\u00e9. Accompagne [&hellip;]<\/p>\n","protected":false},"featured_media":208389,"comment_status":"open","ping_status":"closed","template":"","meta":{"_et_pb_use_builder":"","_et_pb_old_content":"","_et_gb_content_width":""},"product_brand":[],"product_cat":[25,93,59],"product_tag":[146],"class_list":{"0":"post-208254","1":"product","2":"type-product","3":"status-publish","4":"has-post-thumbnail","6":"product_cat-boissons","7":"product_cat-domaine-nigri","8":"product_cat-vins-blancs-doux","9":"product_tag-domaine-nigri-monein","11":"first","12":"instock","13":"shipping-taxable","14":"product-type-simple"},"_links":{"self":[{"href":"https:\/\/totdecasa.fr\/index.php\/wp-json\/wp\/v2\/product\/208254","targetHints":{"allow":["GET"]}}],"collection":[{"href":"https:\/\/totdecasa.fr\/index.php\/wp-json\/wp\/v2\/product"}],"about":[{"href":"https:\/\/totdecasa.fr\/index.php\/wp-json\/wp\/v2\/types\/product"}],"replies":[{"embeddable":true,"href":"https:\/\/totdecasa.fr\/index.php\/wp-json\/wp\/v2\/comments?post=208254"}],"wp:featuredmedia":[{"embeddable":true,"href":"https:\/\/totdecasa.fr\/index.php\/wp-json\/wp\/v2\/media\/208389"}],"wp:attachment":[{"href":"https:\/\/totdecasa.fr\/index.php\/wp-json\/wp\/v2\/media?parent=208254"}],"wp:term":[{"taxonomy":"product_brand","embeddable":true,"href":"https:\/\/totdecasa.fr\/index.php\/wp-json\/wp\/v2\/product_brand?post=208254"},{"taxonomy":"product_cat","embeddable":true,"href":"https:\/\/totdecasa.fr\/index.php\/wp-json\/wp\/v2\/product_cat?post=208254"},{"taxonomy":"product_tag","embeddable":true,"href":"https:\/\/totdecasa.fr\/index.php\/wp-json\/wp\/v2\/product_tag?post=208254"}],"curies":[{"name":"wp","href":"https:\/\/api.w.org\/{rel}","templated":true}]}}