{"id":208246,"date":"2020-04-23T10:33:00","date_gmt":"2020-04-23T08:33:00","guid":{"rendered":"http:\/\/totdecasa.fr\/?post_type=product&#038;p=208246"},"modified":"2020-09-23T11:31:49","modified_gmt":"2020-09-23T09:31:49","slug":"jurancon-perhum-dabor","status":"publish","type":"product","link":"https:\/\/totdecasa.fr\/index.php\/produit\/jurancon-perhum-dabor\/","title":{"rendered":"Juran\u00e7on Perhum d&rsquo;ab\u00f2r &#8211; Clos Labr\u00e9e"},"content":{"rendered":"<p>100% Petit Manseng.<\/p>\n<p>D\u00e9gustation : Nez ouvert tr\u00e8s intense qui commence sur des notes caram\u00e9lis\u00e9es puis un tr\u00e8s beau fruit typ\u00e9 mangue, banane po\u00eal\u00e9e, cannelle.En bouche, tr\u00e8s gourmand et concentr\u00e9 avec une attaque tout en douceur et onctuosit\u00e9, des notes de citron vert et d\u2019amandes grill\u00e9es pour une longue finale enrob\u00e9e.<\/p>\n<p>Conservation : garde de 15ans, d\u00e9gustation optimale \u00e0 10ans.<\/p>\n<p><em>L\u2019abus d\u2019alcool est dangereux pour la sant\u00e9.<\/em><\/p>\n","protected":false},"excerpt":{"rendered":"<p>100% Petit Manseng. D\u00e9gustation : Nez ouvert tr\u00e8s intense qui commence sur des notes caram\u00e9lis\u00e9es puis un tr\u00e8s beau fruit typ\u00e9 mangue, banane po\u00eal\u00e9e, cannelle.En bouche, tr\u00e8s gourmand et concentr\u00e9 avec une attaque tout en douceur et onctuosit\u00e9, des notes de citron vert et d\u2019amandes grill\u00e9es pour une longue finale enrob\u00e9e. Conservation : garde de [&hellip;]<\/p>\n","protected":false},"featured_media":208390,"comment_status":"open","ping_status":"closed","template":"","meta":{"_et_pb_use_builder":"","_et_pb_old_content":"","_et_gb_content_width":""},"product_brand":[],"product_cat":[25,79,59],"product_tag":[129],"class_list":{"0":"post-208246","1":"product","2":"type-product","3":"status-publish","4":"has-post-thumbnail","6":"product_cat-boissons","7":"product_cat-clos-labree","8":"product_cat-vins-blancs-doux","9":"product_tag-clos-labree","11":"first","12":"instock","13":"shipping-taxable","14":"product-type-simple"},"_links":{"self":[{"href":"https:\/\/totdecasa.fr\/index.php\/wp-json\/wp\/v2\/product\/208246","targetHints":{"allow":["GET"]}}],"collection":[{"href":"https:\/\/totdecasa.fr\/index.php\/wp-json\/wp\/v2\/product"}],"about":[{"href":"https:\/\/totdecasa.fr\/index.php\/wp-json\/wp\/v2\/types\/product"}],"replies":[{"embeddable":true,"href":"https:\/\/totdecasa.fr\/index.php\/wp-json\/wp\/v2\/comments?post=208246"}],"wp:featuredmedia":[{"embeddable":true,"href":"https:\/\/totdecasa.fr\/index.php\/wp-json\/wp\/v2\/media\/208390"}],"wp:attachment":[{"href":"https:\/\/totdecasa.fr\/index.php\/wp-json\/wp\/v2\/media?parent=208246"}],"wp:term":[{"taxonomy":"product_brand","embeddable":true,"href":"https:\/\/totdecasa.fr\/index.php\/wp-json\/wp\/v2\/product_brand?post=208246"},{"taxonomy":"product_cat","embeddable":true,"href":"https:\/\/totdecasa.fr\/index.php\/wp-json\/wp\/v2\/product_cat?post=208246"},{"taxonomy":"product_tag","embeddable":true,"href":"https:\/\/totdecasa.fr\/index.php\/wp-json\/wp\/v2\/product_tag?post=208246"}],"curies":[{"name":"wp","href":"https:\/\/api.w.org\/{rel}","templated":true}]}}