{"id":208189,"date":"2020-04-16T11:35:37","date_gmt":"2020-04-16T09:35:37","guid":{"rendered":"http:\/\/totdecasa.fr\/?post_type=product&#038;p=208189"},"modified":"2020-07-09T09:20:18","modified_gmt":"2020-07-09T07:20:18","slug":"infusion-composee","status":"publish","type":"product","link":"https:\/\/totdecasa.fr\/index.php\/produit\/infusion-composee\/","title":{"rendered":"Infusion compos\u00e9e"},"content":{"rendered":"<ul>\n<li><strong>Vis ta vie :<\/strong> ce m\u00e9lange s&rsquo;inspire grandement de la tisane du centenaire. Elle accompagne votre corps \u00e0 se nettoyer et \u00e0 pr\u00e9server sa souplesse. <em>Fr\u00eane, bouleau, cassis, reine-des-pr\u00e8s, menthe pouillot (30g).<\/em><\/li>\n<li><strong>Nuit \u00e9toil\u00e9e :<\/strong> ce m\u00e9lange joliment fleuri vous bercera pour une douce nuit \u00e9toil\u00e9e. <em>Verveine, rose de provins, acacia, aub\u00e9pine, bleuet (20g).<\/em><\/li>\n<li><strong>Compostelle : <\/strong>apr\u00e8s une bonne marche, quoi de mieux qu&rsquo;une infusion qui d\u00e9salt\u00e8re et qui redonne de la souplesse ! <em>Basilic sacr\u00e9, agastache anis\u00e9e, cassis, reine-des-pr\u00e8s, bleuet (30g).<\/em><\/li>\n<li><strong>Gloups :<\/strong> tentez ce m\u00e9lange original \u00e0 savourer apr\u00e8s vos repas ! Ces plantes \u00e0 fort caract\u00e8res s&rsquo;harmonisent d\u00e9licieusement. <em>Basilics, menthe pouillot, verveine, acacia, bleuet (25g).<\/em><\/li>\n<li><strong>Toudou :<\/strong> cette tisane douce en go\u00fbt vous aidera \u00e0 d\u00e9passer les inqui\u00e9tudes et le stress de la journ\u00e9e. <em>M\u00e9lisse, calendula, passiflore (25g).<\/em><\/li>\n<li><strong>Femme lune :<\/strong> accompagne les femmes dans leur cycle, aide \u00e0 d\u00e9passer les humeurs et les maux de ventre. <em>Achil\u00e9e-millefeuille, m\u00e9lisse, camomille romaine (25g).<\/em><\/li>\n<li><strong>Coup de pouce :<\/strong> id\u00e9al lors des changements de saison, cette infusion vous redonnera de l&rsquo;\u00e9nergie ! <em>Shiso, echinac\u00e9, m\u00e9lisse, ortie, calendula.<\/em><\/li>\n<li><strong>Hivernale :<\/strong><\/li>\n<li><strong>Detox :<\/strong> <em>Romarin, bouleau, fr\u00eane, ortie, menthe, calendula (30g).<\/em><\/li>\n<\/ul>\n","protected":false},"excerpt":{"rendered":"<p>Vis ta vie : ce m\u00e9lange s&rsquo;inspire grandement de la tisane du centenaire. Elle accompagne votre corps \u00e0 se nettoyer et \u00e0 pr\u00e9server sa souplesse. Fr\u00eane, bouleau, cassis, reine-des-pr\u00e8s, menthe pouillot (30g). Nuit \u00e9toil\u00e9e : ce m\u00e9lange joliment fleuri vous bercera pour une douce nuit \u00e9toil\u00e9e. Verveine, rose de provins, acacia, aub\u00e9pine, bleuet (20g). Compostelle [&hellip;]<\/p>\n","protected":false},"featured_media":206677,"comment_status":"open","ping_status":"closed","template":"","meta":{"_et_pb_use_builder":"off","_et_pb_old_content":"","_et_gb_content_width":""},"product_brand":[],"product_cat":[40,116],"product_tag":[159,165],"class_list":{"0":"post-208189","1":"product","2":"type-product","3":"status-publish","4":"has-post-thumbnail","6":"product_cat-infusions","7":"product_cat-les-jardins-d-anahita-d-esmenote","8":"product_tag-les-jardins-danahita-desmenote-geronce","9":"product_tag-produit-certifie-agriculture-biologique","11":"first","12":"instock","13":"shipping-taxable","14":"product-type-variable"},"_links":{"self":[{"href":"https:\/\/totdecasa.fr\/index.php\/wp-json\/wp\/v2\/product\/208189","targetHints":{"allow":["GET"]}}],"collection":[{"href":"https:\/\/totdecasa.fr\/index.php\/wp-json\/wp\/v2\/product"}],"about":[{"href":"https:\/\/totdecasa.fr\/index.php\/wp-json\/wp\/v2\/types\/product"}],"replies":[{"embeddable":true,"href":"https:\/\/totdecasa.fr\/index.php\/wp-json\/wp\/v2\/comments?post=208189"}],"wp:featuredmedia":[{"embeddable":true,"href":"https:\/\/totdecasa.fr\/index.php\/wp-json\/wp\/v2\/media\/206677"}],"wp:attachment":[{"href":"https:\/\/totdecasa.fr\/index.php\/wp-json\/wp\/v2\/media?parent=208189"}],"wp:term":[{"taxonomy":"product_brand","embeddable":true,"href":"https:\/\/totdecasa.fr\/index.php\/wp-json\/wp\/v2\/product_brand?post=208189"},{"taxonomy":"product_cat","embeddable":true,"href":"https:\/\/totdecasa.fr\/index.php\/wp-json\/wp\/v2\/product_cat?post=208189"},{"taxonomy":"product_tag","embeddable":true,"href":"https:\/\/totdecasa.fr\/index.php\/wp-json\/wp\/v2\/product_tag?post=208189"}],"curies":[{"name":"wp","href":"https:\/\/api.w.org\/{rel}","templated":true}]}}