{"id":208068,"date":"2020-04-15T14:50:22","date_gmt":"2020-04-15T12:50:22","guid":{"rendered":"http:\/\/totdecasa.fr\/?post_type=product&#038;p=208068"},"modified":"2020-06-04T17:09:22","modified_gmt":"2020-06-04T15:09:22","slug":"galette-de-sarrasin","status":"publish","type":"product","link":"https:\/\/totdecasa.fr\/index.php\/produit\/galette-de-sarrasin\/","title":{"rendered":"Galette de sarrasin"},"content":{"rendered":"<p>Galette de sarrasin \u00e0 garnir selon vos go\u00fbts et vos envies !<\/p>\n<p>Le sarrasin, certifi\u00e9 Agriculture Biologique, est produit \u00e0 la ferme et moulu sur meule de pierre.<\/p>\n","protected":false},"excerpt":{"rendered":"<p>Galette de sarrasin \u00e0 garnir selon vos go\u00fbts et vos envies ! Le sarrasin, certifi\u00e9 Agriculture Biologique, est produit \u00e0 la ferme et moulu sur meule de pierre.<\/p>\n","protected":false},"featured_media":208946,"comment_status":"open","ping_status":"closed","template":"","meta":{"_et_pb_use_builder":"","_et_pb_old_content":"","_et_gb_content_width":""},"product_brand":[],"product_cat":[104,21],"product_tag":[149],"class_list":{"0":"post-208068","1":"product","2":"type-product","3":"status-publish","4":"has-post-thumbnail","6":"product_cat-gaec-pietometi","7":"product_cat-pains-brioches","8":"product_tag-gaec-pietometi-ogeu","10":"first","11":"instock","12":"shipping-taxable","13":"product-type-simple"},"_links":{"self":[{"href":"https:\/\/totdecasa.fr\/index.php\/wp-json\/wp\/v2\/product\/208068","targetHints":{"allow":["GET"]}}],"collection":[{"href":"https:\/\/totdecasa.fr\/index.php\/wp-json\/wp\/v2\/product"}],"about":[{"href":"https:\/\/totdecasa.fr\/index.php\/wp-json\/wp\/v2\/types\/product"}],"replies":[{"embeddable":true,"href":"https:\/\/totdecasa.fr\/index.php\/wp-json\/wp\/v2\/comments?post=208068"}],"wp:featuredmedia":[{"embeddable":true,"href":"https:\/\/totdecasa.fr\/index.php\/wp-json\/wp\/v2\/media\/208946"}],"wp:attachment":[{"href":"https:\/\/totdecasa.fr\/index.php\/wp-json\/wp\/v2\/media?parent=208068"}],"wp:term":[{"taxonomy":"product_brand","embeddable":true,"href":"https:\/\/totdecasa.fr\/index.php\/wp-json\/wp\/v2\/product_brand?post=208068"},{"taxonomy":"product_cat","embeddable":true,"href":"https:\/\/totdecasa.fr\/index.php\/wp-json\/wp\/v2\/product_cat?post=208068"},{"taxonomy":"product_tag","embeddable":true,"href":"https:\/\/totdecasa.fr\/index.php\/wp-json\/wp\/v2\/product_tag?post=208068"}],"curies":[{"name":"wp","href":"https:\/\/api.w.org\/{rel}","templated":true}]}}