{"id":208026,"date":"2020-04-14T10:23:51","date_gmt":"2020-04-14T08:23:51","guid":{"rendered":"http:\/\/totdecasa.fr\/?post_type=product&#038;p=208026"},"modified":"2020-11-27T10:58:56","modified_gmt":"2020-11-27T09:58:56","slug":"pain-de-seigle","status":"publish","type":"product","link":"https:\/\/totdecasa.fr\/index.php\/produit\/pain-de-seigle\/","title":{"rendered":"Pain de seigle"},"content":{"rendered":"<p>Petit pain de seigle (80%) au go\u00fbt fruit\u00e9, id\u00e9al au petit d\u00e9jeuner ou en toast avec du foie gras !<\/p>\n<p>Poids moyen : 500g<\/p>\n<p>Le seigle et le bl\u00e9, certifi\u00e9s Agriculture Biologique, sont produits \u00e0 la ferme et moulus sur meule de pierre.<\/p>\n","protected":false},"excerpt":{"rendered":"<p>Petit pain de seigle (80%) au go\u00fbt fruit\u00e9, id\u00e9al au petit d\u00e9jeuner ou en toast avec du foie gras ! Poids moyen : 500g Le seigle et le bl\u00e9, certifi\u00e9s Agriculture Biologique, sont produits \u00e0 la ferme et moulus sur meule de pierre.<\/p>\n","protected":false},"featured_media":208947,"comment_status":"open","ping_status":"closed","template":"","meta":{"_et_pb_use_builder":"","_et_pb_old_content":"","_et_gb_content_width":""},"product_brand":[],"product_cat":[104,21],"product_tag":[149],"class_list":{"0":"post-208026","1":"product","2":"type-product","3":"status-publish","4":"has-post-thumbnail","6":"product_cat-gaec-pietometi","7":"product_cat-pains-brioches","8":"product_tag-gaec-pietometi-ogeu","10":"first","11":"instock","12":"shipping-taxable","13":"product-type-simple"},"_links":{"self":[{"href":"https:\/\/totdecasa.fr\/index.php\/wp-json\/wp\/v2\/product\/208026","targetHints":{"allow":["GET"]}}],"collection":[{"href":"https:\/\/totdecasa.fr\/index.php\/wp-json\/wp\/v2\/product"}],"about":[{"href":"https:\/\/totdecasa.fr\/index.php\/wp-json\/wp\/v2\/types\/product"}],"replies":[{"embeddable":true,"href":"https:\/\/totdecasa.fr\/index.php\/wp-json\/wp\/v2\/comments?post=208026"}],"wp:featuredmedia":[{"embeddable":true,"href":"https:\/\/totdecasa.fr\/index.php\/wp-json\/wp\/v2\/media\/208947"}],"wp:attachment":[{"href":"https:\/\/totdecasa.fr\/index.php\/wp-json\/wp\/v2\/media?parent=208026"}],"wp:term":[{"taxonomy":"product_brand","embeddable":true,"href":"https:\/\/totdecasa.fr\/index.php\/wp-json\/wp\/v2\/product_brand?post=208026"},{"taxonomy":"product_cat","embeddable":true,"href":"https:\/\/totdecasa.fr\/index.php\/wp-json\/wp\/v2\/product_cat?post=208026"},{"taxonomy":"product_tag","embeddable":true,"href":"https:\/\/totdecasa.fr\/index.php\/wp-json\/wp\/v2\/product_tag?post=208026"}],"curies":[{"name":"wp","href":"https:\/\/api.w.org\/{rel}","templated":true}]}}